{"id":63543,"date":"2024-04-29T13:01:37","date_gmt":"2024-04-29T11:01:37","guid":{"rendered":"https:\/\/www.escura.com\/?page_id=63543"},"modified":"2026-04-01T13:43:17","modified_gmt":"2026-04-01T11:43:17","slug":"facturacion-electronica","status":"publish","type":"page","link":"https:\/\/www.escura.com\/es\/facturacion-electronica\/","title":{"rendered":"Facturaci\u00f3n electr\u00f3nica"},"content":{"rendered":"<p><div class=\"fusion-fullwidth fullwidth-box fusion-builder-row-1 fusion-flex-container has-pattern-background has-mask-background nonhundred-percent-fullwidth non-hundred-percent-height-scrolling\" style=\"--awb-border-radius-top-left:0px;--awb-border-radius-top-right:0px;--awb-border-radius-bottom-right:0px;--awb-border-radius-bottom-left:0px;--awb-flex-wrap:wrap;\" ><div class=\"fusion-builder-row fusion-row fusion-flex-align-items-flex-start fusion-flex-content-wrap\" style=\"max-width:104%;margin-left: calc(-4% \/ 2 );margin-right: calc(-4% \/ 2 );\"><div class=\"fusion-layout-column fusion_builder_column fusion-builder-column-0 fusion_builder_column_1_1 1_1 fusion-flex-column\" style=\"--awb-padding-top:50px;--awb-padding-bottom:50px;--awb-bg-image:url(&#039;https:\/\/www.escura.com\/wp-content\/uploads\/2022\/09\/Diseno-sin-titulo-12.png&#039;);--awb-bg-size:cover;--awb-width-large:100%;--awb-margin-top-large:0px;--awb-spacing-right-large:1.92%;--awb-margin-bottom-large:20px;--awb-spacing-left-large:1.92%;--awb-width-medium:100%;--awb-order-medium:0;--awb-spacing-right-medium:1.92%;--awb-spacing-left-medium:1.92%;--awb-width-small:100%;--awb-order-small:0;--awb-spacing-right-small:1.92%;--awb-spacing-left-small:1.92%;\" data-scroll-devices=\"small-visibility,medium-visibility,large-visibility\"><div class=\"fusion-column-wrapper fusion-column-has-shadow fusion-flex-justify-content-flex-start fusion-content-layout-column fusion-column-has-bg-image\" data-bg-url=\"https:\/\/www.escura.com\/wp-content\/uploads\/2022\/09\/Diseno-sin-titulo-12.png\"><div class=\"fusion-separator fusion-full-width-sep\" style=\"align-self: center;margin-left: auto;margin-right: auto;margin-top:100px;width:100%;\"><\/div><\/div><\/div><\/div><\/div><div class=\"fusion-fullwidth fullwidth-box fusion-builder-row-2 fusion-flex-container has-pattern-background has-mask-background nonhundred-percent-fullwidth non-hundred-percent-height-scrolling\" style=\"--awb-border-radius-top-left:0px;--awb-border-radius-top-right:0px;--awb-border-radius-bottom-right:0px;--awb-border-radius-bottom-left:0px;--awb-flex-wrap:wrap;\" ><div class=\"fusion-builder-row fusion-row fusion-flex-align-items-flex-start fusion-flex-content-wrap\" style=\"max-width:104%;margin-left: calc(-4% \/ 2 );margin-right: calc(-4% \/ 2 );\"><div class=\"fusion-layout-column fusion_builder_column fusion-builder-column-1 fusion_builder_column_1_5 1_5 fusion-flex-column\" style=\"--awb-bg-size:cover;--awb-width-large:20%;--awb-margin-top-large:0px;--awb-spacing-right-large:9.6%;--awb-margin-bottom-large:20px;--awb-spacing-left-large:9.6%;--awb-width-medium:100%;--awb-order-medium:0;--awb-spacing-right-medium:1.92%;--awb-spacing-left-medium:1.92%;--awb-width-small:100%;--awb-order-small:0;--awb-spacing-right-small:1.92%;--awb-spacing-left-small:1.92%;\"><div class=\"fusion-column-wrapper fusion-column-has-shadow fusion-flex-justify-content-flex-start fusion-content-layout-column\"><\/div><\/div><div class=\"fusion-layout-column fusion_builder_column fusion-builder-column-2 fusion_builder_column_3_5 3_5 fusion-flex-column\" style=\"--awb-bg-size:cover;--awb-width-large:60%;--awb-margin-top-large:0px;--awb-spacing-right-large:3.2%;--awb-margin-bottom-large:20px;--awb-spacing-left-large:3.2%;--awb-width-medium:100%;--awb-order-medium:0;--awb-spacing-right-medium:1.92%;--awb-spacing-left-medium:1.92%;--awb-width-small:100%;--awb-order-small:0;--awb-spacing-right-small:1.92%;--awb-spacing-left-small:1.92%;\"><div class=\"fusion-column-wrapper fusion-column-has-shadow fusion-flex-justify-content-flex-start fusion-content-layout-column\"><div class=\"fusion-text fusion-text-1\"><p><span style=\"color: #000080;\"><strong style=\"font-size: 21px;\" data-fusion-font=\"true\">Facturaci\u00f3n electr\u00f3nica &#8211; Verifactu<\/strong><\/span><\/p>\n<p style=\"text-align: left;\">En Escura hemos creado un espacio sobre la <strong>factura electr\u00f3nica y el sistema Verifactu.<\/strong><\/p>\n<p class=\"x_MsoNormal\">La <b>Ley Crea y Crece<\/b> establece en su Art\u00edculo 12 que <b>todos los empresarios y profesionales<\/b> deber\u00e1n expedir, remitir y recibir facturas electr\u00f3nicas en sus relaciones comerciales con otros empresarios y profesionales.<\/p>\n<p class=\"x_MsoNormal\">El gran inter\u00e9s y la transcendencia de la medida ha motivado a que creemos un \u00e1rea espec\u00edfica en la que iremos informando de todas las novedades.<\/p>\n<p class=\"x_MsoNormal\">Seguidamente tendr\u00e1 acceso directo a nuestra presentaci\u00f3n del sistema Verifactu y acceso a las preguntas frecuentes de la Agencia Tributaria:<\/p>\n<\/div><div style=\"text-align:center;\"><a class=\"fusion-button button-flat button-xlarge button-custom fusion-button-default button-1 fusion-button-default-span fusion-button-default-type\" style=\"--button_accent_color:#ffffff;--button_accent_hover_color:#ffffff;--button_border_hover_color:#ffffff;--button_gradient_top_color:#16397b;--button_gradient_bottom_color:#16397b;--button_gradient_top_color_hover:#16397b;--button_gradient_bottom_color_hover:#16397b;\" target=\"_self\" href=\"https:\/\/www.escura.com\/wp-content\/uploads\/2026\/04\/Verifactu_Marzo_26.pdf\"><span class=\"fusion-button-text awb-button__text awb-button__text--default\">Presentaci\u00f3n Sistema Verifactu<\/span><\/a><\/div><div class=\"fusion-separator fusion-full-width-sep\" style=\"align-self: center;margin-left: auto;margin-right: auto;margin-top:10px;width:100%;\"><\/div><div class=\"fusion-text fusion-text-2\"><p style=\"text-align: center;\"><a href=\"https:\/\/sede.agenciatributaria.gob.es\/Sede\/iva\/sistemas-informaticos-facturacion-verifactu\/preguntas-frecuentes\/sistemas-verifactu.html\">\u25a0 Preguntas frecuentes. Agencia Tributaria<\/a><\/p>\n<\/div><div class=\"fusion-separator fusion-full-width-sep\" style=\"align-self: center;margin-left: auto;margin-right: auto;margin-top:10px;width:100%;\"><\/div><div class=\"fusion-separator fusion-full-width-sep\" style=\"align-self: center;margin-left: auto;margin-right: auto;margin-top:10px;width:100%;\"><\/div><\/div><\/div><div class=\"fusion-layout-column fusion_builder_column fusion-builder-column-3 fusion_builder_column_1_5 1_5 fusion-flex-column\" style=\"--awb-bg-size:cover;--awb-width-large:20%;--awb-margin-top-large:0px;--awb-spacing-right-large:9.6%;--awb-margin-bottom-large:20px;--awb-spacing-left-large:9.6%;--awb-width-medium:100%;--awb-order-medium:0;--awb-spacing-right-medium:1.92%;--awb-spacing-left-medium:1.92%;--awb-width-small:100%;--awb-order-small:0;--awb-spacing-right-small:1.92%;--awb-spacing-left-small:1.92%;\"><div class=\"fusion-column-wrapper fusion-column-has-shadow fusion-flex-justify-content-flex-start fusion-content-layout-column\"><\/div><\/div><\/div><\/div><div class=\"fusion-fullwidth fullwidth-box fusion-builder-row-3 fusion-flex-container has-pattern-background has-mask-background nonhundred-percent-fullwidth non-hundred-percent-height-scrolling\" style=\"--awb-border-radius-top-left:0px;--awb-border-radius-top-right:0px;--awb-border-radius-bottom-right:0px;--awb-border-radius-bottom-left:0px;--awb-flex-wrap:wrap;\" ><div class=\"fusion-builder-row fusion-row fusion-flex-align-items-flex-start fusion-flex-content-wrap\" style=\"max-width:104%;margin-left: calc(-4% \/ 2 );margin-right: calc(-4% \/ 2 );\"><div class=\"fusion-layout-column fusion_builder_column fusion-builder-column-4 fusion_builder_column_1_1 1_1 fusion-flex-column\" style=\"--awb-bg-size:cover;--awb-width-large:100%;--awb-margin-top-large:0px;--awb-spacing-right-large:1.92%;--awb-margin-bottom-large:20px;--awb-spacing-left-large:1.92%;--awb-width-medium:100%;--awb-order-medium:0;--awb-spacing-right-medium:1.92%;--awb-spacing-left-medium:1.92%;--awb-width-small:100%;--awb-order-small:0;--awb-spacing-right-small:1.92%;--awb-spacing-left-small:1.92%;\"><div class=\"fusion-column-wrapper fusion-column-has-shadow fusion-flex-justify-content-flex-start fusion-content-layout-column\"><div class=\"fusion-separator fusion-full-width-sep\" style=\"align-self: center;margin-left: auto;margin-right: auto;margin-top:10px;width:100%;\"><\/div><\/div><\/div><div class=\"fusion-layout-column fusion_builder_column fusion-builder-column-5 fusion_builder_column_1_2 1_2 fusion-flex-column\" style=\"--awb-bg-size:cover;--awb-width-large:50%;--awb-margin-top-large:0px;--awb-spacing-right-large:3.84%;--awb-margin-bottom-large:20px;--awb-spacing-left-large:3.84%;--awb-width-medium:100%;--awb-order-medium:0;--awb-spacing-right-medium:1.92%;--awb-spacing-left-medium:1.92%;--awb-width-small:100%;--awb-order-small:0;--awb-spacing-right-small:1.92%;--awb-spacing-left-small:1.92%;\"><div class=\"fusion-column-wrapper fusion-column-has-shadow fusion-flex-justify-content-flex-start fusion-content-layout-column\"><div class=\"fusion-text fusion-text-3\"><h2 class=\"fusion-responsive-typography-calculated\" style=\"text-align: center;\" data-fontsize=\"30\" data-lineheight=\"42.3px\"><span style=\"color: #000080;\"><strong>Escura Online, cumple con Verifactu<\/strong><\/span><\/h2>\n<\/div><div class=\"fusion-text fusion-text-4\"><p style=\"text-align: center;\"><a href=\"https:\/\/www.escura.com\/es\/escura-online-verifactu\/\">Conoce nuestra plataforma<\/a><\/p>\n<\/div><div class=\"fusion-video fusion-youtube\" style=\"--awb-max-width:600px;--awb-max-height:350px;--awb-align-self:center;--awb-width:100%;\"><div class=\"video-shortcode\"><div class=\"fluid-width-video-wrapper\" style=\"padding-top:58.33%;\" ><iframe title=\"YouTube video player 1\" src=\"https:\/\/www.youtube.com\/embed\/I9aAyd6Noso?wmode=transparent&autoplay=0\" width=\"600\" height=\"350\" allowfullscreen allow=\"autoplay; clipboard-write; encrypted-media; gyroscope; picture-in-picture;\"><\/iframe><\/div><\/div><\/div><\/div><\/div><div class=\"fusion-layout-column fusion_builder_column fusion-builder-column-6 fusion_builder_column_1_2 1_2 fusion-flex-column\" style=\"--awb-bg-size:cover;--awb-width-large:50%;--awb-margin-top-large:0px;--awb-spacing-right-large:3.84%;--awb-margin-bottom-large:20px;--awb-spacing-left-large:3.84%;--awb-width-medium:100%;--awb-order-medium:0;--awb-spacing-right-medium:1.92%;--awb-spacing-left-medium:1.92%;--awb-width-small:100%;--awb-order-small:0;--awb-spacing-right-small:1.92%;--awb-spacing-left-small:1.92%;\"><div class=\"fusion-column-wrapper fusion-column-has-shadow fusion-flex-justify-content-flex-start fusion-content-layout-column\"><div class=\"fusion-text fusion-text-5\"><h2 class=\"fusion-responsive-typography-calculated\" style=\"text-align: center;\" data-fontsize=\"30\" data-lineheight=\"42.3px\"><span style=\"color: #000080;\"><strong>Solicita informaci\u00f3n<\/strong><\/span><\/h2>\n<\/div>\n<div class=\"wpcf7 no-js\" id=\"wpcf7-f18223-o1\" lang=\"es-ES\" dir=\"ltr\" data-wpcf7-id=\"18223\">\n<div class=\"screen-reader-response\"><p role=\"status\" aria-live=\"polite\" aria-atomic=\"true\"><\/p> <ul><\/ul><\/div>\n<form action=\"\/es\/wp-json\/wp\/v2\/pages\/63543#wpcf7-f18223-o1\" method=\"post\" class=\"wpcf7-form init\" aria-label=\"Formulario de contacto\" novalidate=\"novalidate\" data-status=\"init\">\n<fieldset class=\"hidden-fields-container\"><input type=\"hidden\" name=\"_wpcf7\" value=\"18223\" \/><input type=\"hidden\" name=\"_wpcf7_version\" value=\"6.1.5\" \/><input type=\"hidden\" name=\"_wpcf7_locale\" value=\"es_ES\" \/><input type=\"hidden\" name=\"_wpcf7_unit_tag\" value=\"wpcf7-f18223-o1\" \/><input type=\"hidden\" name=\"_wpcf7_container_post\" value=\"0\" \/><input type=\"hidden\" name=\"_wpcf7_posted_data_hash\" value=\"\" \/><input type=\"hidden\" name=\"_wpcf7_recaptcha_response\" value=\"\" \/>\n<\/fieldset>\n<p><label> <span class=\"wpcf7-form-control-wrap\" data-name=\"your-name\"><input size=\"40\" maxlength=\"400\" class=\"wpcf7-form-control wpcf7-text wpcf7-validates-as-required\" aria-required=\"true\" aria-invalid=\"false\" placeholder=\"* Nombre \/ Empresa\" value=\"\" type=\"text\" name=\"your-name\" \/><\/span> <\/label>\n<\/p>\n<p><label> <span class=\"wpcf7-form-control-wrap\" data-name=\"your-email\"><input size=\"40\" maxlength=\"400\" class=\"wpcf7-form-control wpcf7-email wpcf7-validates-as-required wpcf7-text wpcf7-validates-as-email\" aria-required=\"true\" aria-invalid=\"false\" placeholder=\"* Mail\" value=\"\" type=\"email\" name=\"your-email\" \/><\/span> <\/label>\n<\/p>\n<p><label> <span class=\"wpcf7-form-control-wrap\" data-name=\"your-tel\"><input size=\"40\" maxlength=\"400\" class=\"wpcf7-form-control wpcf7-text\" aria-invalid=\"false\" placeholder=\"Tel\u00e9fono\" value=\"\" type=\"text\" name=\"your-tel\" \/><\/span> <\/label>\n<\/p>\n<p><label> <span class=\"wpcf7-form-control-wrap\" data-name=\"textarea-616\"><textarea cols=\"40\" rows=\"10\" maxlength=\"2000\" class=\"wpcf7-form-control wpcf7-textarea\" aria-invalid=\"false\" name=\"textarea-616\">Observaciones<\/textarea><\/span> <\/label>\n<\/p>\n<p class=\"txt_legal\"><span class=\"wpcf7-form-control-wrap\" data-name=\"acceptance-287\"><span class=\"wpcf7-form-control wpcf7-acceptance\"><span class=\"wpcf7-list-item\"><input type=\"checkbox\" name=\"acceptance-287\" value=\"1\" class=\"acept_form\" aria-invalid=\"false\" \/><\/span><\/span><\/span> Acepto y he le\u00eddo la pol\u00edtica de <a href=\"https:\/\/www.escura.com\/es\/politica-de-privacidad\" target=\"_blank\" style=\"color:#003a7a;\">protecci\u00f3n de datos<\/a>\n<\/p>\n<p style=\"line-height: 15px; font-size: 12px;\">* Campos obligatorios\n<\/p>\n<p><input class=\"wpcf7-form-control wpcf7-submit has-spinner\" type=\"submit\" value=\"Enviar\" \/>\n<\/p><div class=\"fusion-alert alert custom alert-custom fusion-alert-center wpcf7-response-output awb-alert-native-link-color alert-dismissable awb-alert-close-boxed\" style=\"--awb-border-top-left-radius:0px;--awb-border-top-right-radius:0px;--awb-border-bottom-left-radius:0px;--awb-border-bottom-right-radius:0px;\" role=\"alert\"><div class=\"fusion-alert-content-wrapper\"><span class=\"fusion-alert-content\"><\/span><\/div><button type=\"button\" class=\"close toggle-alert\" data-dismiss=\"alert\" aria-label=\"Close\">&times;<\/button><\/div>\n<\/form>\n<\/div>\n<\/div><\/div><\/div><\/div><div class=\"fusion-fullwidth fullwidth-box fusion-builder-row-4 fusion-flex-container has-pattern-background has-mask-background nonhundred-percent-fullwidth non-hundred-percent-height-scrolling\" style=\"--awb-border-radius-top-left:0px;--awb-border-radius-top-right:0px;--awb-border-radius-bottom-right:0px;--awb-border-radius-bottom-left:0px;--awb-flex-wrap:wrap;\" ><div class=\"fusion-builder-row fusion-row fusion-flex-align-items-flex-start fusion-flex-content-wrap\" style=\"max-width:104%;margin-left: calc(-4% \/ 2 );margin-right: calc(-4% \/ 2 );\"><div class=\"fusion-layout-column fusion_builder_column fusion-builder-column-7 fusion_builder_column_1_1 1_1 fusion-flex-column\" style=\"--awb-bg-size:cover;--awb-width-large:100%;--awb-margin-top-large:0px;--awb-spacing-right-large:1.92%;--awb-margin-bottom-large:20px;--awb-spacing-left-large:1.92%;--awb-width-medium:100%;--awb-order-medium:0;--awb-spacing-right-medium:1.92%;--awb-spacing-left-medium:1.92%;--awb-width-small:100%;--awb-order-small:0;--awb-spacing-right-small:1.92%;--awb-spacing-left-small:1.92%;\"><div class=\"fusion-column-wrapper fusion-column-has-shadow fusion-flex-justify-content-flex-start fusion-content-layout-column\"><div class=\"fusion-social-links fusion-social-links-1\" style=\"--awb-margin-top:10px;--awb-margin-right:0px;--awb-margin-bottom:0px;--awb-margin-left:0px;--awb-alignment:center;--awb-box-border-top:0px;--awb-box-border-right:0px;--awb-box-border-bottom:0px;--awb-box-border-left:0px;--awb-icon-colors-hover:rgba(0,0,0,0.8);--awb-box-colors-hover:rgba(21,59,122,0.8);--awb-box-border-color:var(--awb-color3);--awb-box-border-color-hover:var(--awb-color4);\"><div class=\"fusion-social-networks boxed-icons color-type-brand\"><div class=\"fusion-social-networks-wrapper\"><a class=\"fusion-social-network-icon fusion-tooltip fusion-linkedin awb-icon-linkedin\" style=\"color:#ffffff;font-size:14px;width:14px;background-color:#0077b5;border-color:#0077b5;border-radius:3px;\" data-placement=\"top\" data-title=\"LinkedIn\" data-toggle=\"tooltip\" title=\"LinkedIn\" aria-label=\"linkedin\" target=\"_blank\" rel=\"noopener noreferrer\" href=\"https:\/\/www.linkedin.com\/company\/bufete-escura\"><\/a><a class=\"fusion-social-network-icon fusion-tooltip fusion-instagram awb-icon-instagram\" style=\"color:#ffffff;font-size:14px;width:14px;background-color:#c13584;border-color:#c13584;border-radius:3px;\" data-placement=\"top\" data-title=\"Instagram\" data-toggle=\"tooltip\" title=\"Instagram\" aria-label=\"instagram\" target=\"_blank\" rel=\"noopener noreferrer\" href=\"https:\/\/www.instagram.com\/escura_abogados\/\"><\/a><a class=\"fusion-social-network-icon fusion-tooltip fusion-youtube awb-icon-youtube\" style=\"color:#ffffff;font-size:14px;width:14px;background-color:#cd201f;border-color:#cd201f;border-radius:3px;\" data-placement=\"top\" data-title=\"YouTube\" data-toggle=\"tooltip\" title=\"YouTube\" aria-label=\"youtube\" target=\"_blank\" rel=\"noopener noreferrer\" href=\"https:\/\/www.youtube.com\/user\/BufeteEscura\/videos\"><\/a><a class=\"fusion-social-network-icon fusion-tooltip fusion-facebook awb-icon-facebook\" style=\"color:#ffffff;font-size:14px;width:14px;background-color:#3b5998;border-color:#3b5998;border-radius:3px;\" data-placement=\"top\" data-title=\"Facebook\" data-toggle=\"tooltip\" title=\"Facebook\" aria-label=\"facebook\" target=\"_blank\" rel=\"noopener noreferrer\" href=\"https:\/\/www.facebook.com\/escura.abogados\"><\/a><a class=\"fusion-social-network-icon fusion-tooltip fusion-twitter awb-icon-twitter\" style=\"color:#ffffff;font-size:14px;width:14px;background-color:#000000;border-color:#000000;border-radius:3px;\" data-placement=\"top\" data-title=\"X\" data-toggle=\"tooltip\" title=\"X\" aria-label=\"twitter\" target=\"_blank\" rel=\"noopener noreferrer\" href=\"https:\/\/twitter.com\/escura_abogados\"><\/a><\/div><\/div><\/div><\/div><\/div><\/div><\/div><\/p>\n","protected":false},"excerpt":{"rendered":"","protected":false},"author":1,"featured_media":0,"parent":0,"menu_order":0,"comment_status":"closed","ping_status":"closed","template":"","meta":{"footnotes":""},"class_list":["post-63543","page","type-page","status-publish","hentry"],"yoast_head":"<!-- This site is optimized with the Yoast SEO Premium plugin v26.6 (Yoast SEO v27.4) - https:\/\/yoast.com\/product\/yoast-seo-premium-wordpress\/ -->\n<title>Facturaci\u00f3n electr\u00f3nica - Escura | Abogados y Economistas<\/title>\n<meta name=\"description\" content=\"Creamos un espacio con la finalidad de informar todas las novedades sobre la nueva obligaci\u00f3n de la facturaci\u00f3n electr\u00f3nica\" \/>\n<meta name=\"robots\" content=\"index, follow, max-snippet:-1, max-image-preview:large, max-video-preview:-1\" \/>\n<link rel=\"canonical\" href=\"https:\/\/www.escura.com\/es\/facturacion-electronica\/\" \/>\n<meta property=\"og:locale\" content=\"es_ES\" \/>\n<meta property=\"og:type\" content=\"article\" \/>\n<meta property=\"og:title\" content=\"Facturaci\u00f3n electr\u00f3nica\" \/>\n<meta property=\"og:description\" content=\"Creamos un espacio con la finalidad de informar todas las novedades sobre la nueva obligaci\u00f3n de la facturaci\u00f3n electr\u00f3nica\" \/>\n<meta property=\"og:url\" content=\"https:\/\/www.escura.com\/es\/facturacion-electronica\/\" \/>\n<meta property=\"og:site_name\" content=\"Escura | Abogados y Economistas\" \/>\n<meta property=\"article:publisher\" content=\"https:\/\/www.facebook.com\/escura.abogados\" \/>\n<meta property=\"article:modified_time\" content=\"2026-04-01T11:43:17+00:00\" \/>\n<meta name=\"twitter:card\" content=\"summary_large_image\" \/>\n<meta name=\"twitter:site\" content=\"@escura_abogados\" \/>\n<meta name=\"twitter:label1\" content=\"Tiempo de lectura\" \/>\n\t<meta name=\"twitter:data1\" content=\"1 minuto\" \/>\n<script type=\"application\/ld+json\" class=\"yoast-schema-graph\">{\"@context\":\"https:\\\/\\\/schema.org\",\"@graph\":[{\"@type\":\"WebPage\",\"@id\":\"https:\\\/\\\/www.escura.com\\\/es\\\/facturacion-electronica\\\/\",\"url\":\"https:\\\/\\\/www.escura.com\\\/es\\\/facturacion-electronica\\\/\",\"name\":\"Facturaci\u00f3n electr\u00f3nica - Escura | Abogados y Economistas\",\"isPartOf\":{\"@id\":\"https:\\\/\\\/www.escura.com\\\/en\\\/#website\"},\"datePublished\":\"2024-04-29T11:01:37+00:00\",\"dateModified\":\"2026-04-01T11:43:17+00:00\",\"description\":\"Creamos un espacio con la finalidad de informar todas las novedades sobre la nueva obligaci\u00f3n de la facturaci\u00f3n electr\u00f3nica\",\"breadcrumb\":{\"@id\":\"https:\\\/\\\/www.escura.com\\\/es\\\/facturacion-electronica\\\/#breadcrumb\"},\"inLanguage\":\"es\",\"potentialAction\":[{\"@type\":\"ReadAction\",\"target\":[\"https:\\\/\\\/www.escura.com\\\/es\\\/facturacion-electronica\\\/\"]}]},{\"@type\":\"BreadcrumbList\",\"@id\":\"https:\\\/\\\/www.escura.com\\\/es\\\/facturacion-electronica\\\/#breadcrumb\",\"itemListElement\":[{\"@type\":\"ListItem\",\"position\":1,\"name\":\"Portada\",\"item\":\"https:\\\/\\\/35.181.91.225\\\/es\\\/\"},{\"@type\":\"ListItem\",\"position\":2,\"name\":\"Facturaci\u00f3n electr\u00f3nica\"}]},{\"@type\":\"WebSite\",\"@id\":\"https:\\\/\\\/www.escura.com\\\/en\\\/#website\",\"url\":\"https:\\\/\\\/www.escura.com\\\/en\\\/\",\"name\":\"Escura | Abogados y Economistas\",\"description\":\"Escura es uno de los despachos de abogados de mayor prestigio en Barcelona, Madrid y Tarragona\",\"publisher\":{\"@id\":\"https:\\\/\\\/www.escura.com\\\/en\\\/#organization\"},\"potentialAction\":[{\"@type\":\"SearchAction\",\"target\":{\"@type\":\"EntryPoint\",\"urlTemplate\":\"https:\\\/\\\/www.escura.com\\\/en\\\/?s={search_term_string}\"},\"query-input\":{\"@type\":\"PropertyValueSpecification\",\"valueRequired\":true,\"valueName\":\"search_term_string\"}}],\"inLanguage\":\"es\"},{\"@type\":\"Organization\",\"@id\":\"https:\\\/\\\/www.escura.com\\\/en\\\/#organization\",\"name\":\"Escura. Abogados y economistas\",\"url\":\"https:\\\/\\\/www.escura.com\\\/en\\\/\",\"logo\":{\"@type\":\"ImageObject\",\"inLanguage\":\"es\",\"@id\":\"https:\\\/\\\/www.escura.com\\\/en\\\/#\\\/schema\\\/logo\\\/image\\\/\",\"url\":\"\",\"contentUrl\":\"\",\"caption\":\"Escura. Abogados y economistas\"},\"image\":{\"@id\":\"https:\\\/\\\/www.escura.com\\\/en\\\/#\\\/schema\\\/logo\\\/image\\\/\"},\"sameAs\":[\"https:\\\/\\\/www.facebook.com\\\/escura.abogados\",\"https:\\\/\\\/x.com\\\/escura_abogados\",\"https:\\\/\\\/www.instagram.com\\\/escura_abogados\\\/\",\"https:\\\/\\\/www.linkedin.com\\\/company\\\/bufete-escura\",\"https:\\\/\\\/www.youtube.com\\\/user\\\/BufeteEscura\\\/videos\"]}]}<\/script>\n<!-- \/ Yoast SEO Premium plugin. -->","yoast_head_json":{"title":"Facturaci\u00f3n electr\u00f3nica - Escura | Abogados y Economistas","description":"Creamos un espacio con la finalidad de informar todas las novedades sobre la nueva obligaci\u00f3n de la facturaci\u00f3n electr\u00f3nica","robots":{"index":"index","follow":"follow","max-snippet":"max-snippet:-1","max-image-preview":"max-image-preview:large","max-video-preview":"max-video-preview:-1"},"canonical":"https:\/\/www.escura.com\/es\/facturacion-electronica\/","og_locale":"es_ES","og_type":"article","og_title":"Facturaci\u00f3n electr\u00f3nica","og_description":"Creamos un espacio con la finalidad de informar todas las novedades sobre la nueva obligaci\u00f3n de la facturaci\u00f3n electr\u00f3nica","og_url":"https:\/\/www.escura.com\/es\/facturacion-electronica\/","og_site_name":"Escura | Abogados y Economistas","article_publisher":"https:\/\/www.facebook.com\/escura.abogados","article_modified_time":"2026-04-01T11:43:17+00:00","twitter_card":"summary_large_image","twitter_site":"@escura_abogados","twitter_misc":{"Tiempo de lectura":"1 minuto"},"schema":{"@context":"https:\/\/schema.org","@graph":[{"@type":"WebPage","@id":"https:\/\/www.escura.com\/es\/facturacion-electronica\/","url":"https:\/\/www.escura.com\/es\/facturacion-electronica\/","name":"Facturaci\u00f3n electr\u00f3nica - Escura | Abogados y Economistas","isPartOf":{"@id":"https:\/\/www.escura.com\/en\/#website"},"datePublished":"2024-04-29T11:01:37+00:00","dateModified":"2026-04-01T11:43:17+00:00","description":"Creamos un espacio con la finalidad de informar todas las novedades sobre la nueva obligaci\u00f3n de la facturaci\u00f3n electr\u00f3nica","breadcrumb":{"@id":"https:\/\/www.escura.com\/es\/facturacion-electronica\/#breadcrumb"},"inLanguage":"es","potentialAction":[{"@type":"ReadAction","target":["https:\/\/www.escura.com\/es\/facturacion-electronica\/"]}]},{"@type":"BreadcrumbList","@id":"https:\/\/www.escura.com\/es\/facturacion-electronica\/#breadcrumb","itemListElement":[{"@type":"ListItem","position":1,"name":"Portada","item":"https:\/\/35.181.91.225\/es\/"},{"@type":"ListItem","position":2,"name":"Facturaci\u00f3n electr\u00f3nica"}]},{"@type":"WebSite","@id":"https:\/\/www.escura.com\/en\/#website","url":"https:\/\/www.escura.com\/en\/","name":"Escura | Abogados y Economistas","description":"Escura es uno de los despachos de abogados de mayor prestigio en Barcelona, Madrid y Tarragona","publisher":{"@id":"https:\/\/www.escura.com\/en\/#organization"},"potentialAction":[{"@type":"SearchAction","target":{"@type":"EntryPoint","urlTemplate":"https:\/\/www.escura.com\/en\/?s={search_term_string}"},"query-input":{"@type":"PropertyValueSpecification","valueRequired":true,"valueName":"search_term_string"}}],"inLanguage":"es"},{"@type":"Organization","@id":"https:\/\/www.escura.com\/en\/#organization","name":"Escura. Abogados y economistas","url":"https:\/\/www.escura.com\/en\/","logo":{"@type":"ImageObject","inLanguage":"es","@id":"https:\/\/www.escura.com\/en\/#\/schema\/logo\/image\/","url":"","contentUrl":"","caption":"Escura. Abogados y economistas"},"image":{"@id":"https:\/\/www.escura.com\/en\/#\/schema\/logo\/image\/"},"sameAs":["https:\/\/www.facebook.com\/escura.abogados","https:\/\/x.com\/escura_abogados","https:\/\/www.instagram.com\/escura_abogados\/","https:\/\/www.linkedin.com\/company\/bufete-escura","https:\/\/www.youtube.com\/user\/BufeteEscura\/videos"]}]}},"_links":{"self":[{"href":"https:\/\/www.escura.com\/es\/wp-json\/wp\/v2\/pages\/63543","targetHints":{"allow":["GET"]}}],"collection":[{"href":"https:\/\/www.escura.com\/es\/wp-json\/wp\/v2\/pages"}],"about":[{"href":"https:\/\/www.escura.com\/es\/wp-json\/wp\/v2\/types\/page"}],"author":[{"embeddable":true,"href":"https:\/\/www.escura.com\/es\/wp-json\/wp\/v2\/users\/1"}],"replies":[{"embeddable":true,"href":"https:\/\/www.escura.com\/es\/wp-json\/wp\/v2\/comments?post=63543"}],"version-history":[{"count":102,"href":"https:\/\/www.escura.com\/es\/wp-json\/wp\/v2\/pages\/63543\/revisions"}],"predecessor-version":[{"id":118094,"href":"https:\/\/www.escura.com\/es\/wp-json\/wp\/v2\/pages\/63543\/revisions\/118094"}],"wp:attachment":[{"href":"https:\/\/www.escura.com\/es\/wp-json\/wp\/v2\/media?parent=63543"}],"curies":[{"name":"wp","href":"https:\/\/api.w.org\/{rel}","templated":true}]}}