{"id":59917,"date":"2024-02-20T12:21:12","date_gmt":"2024-02-20T11:21:12","guid":{"rendered":"https:\/\/www.escura.com\/?page_id=59917"},"modified":"2026-03-23T09:12:50","modified_gmt":"2026-03-23T08:12:50","slug":"tecnico-rrhh","status":"publish","type":"page","link":"https:\/\/www.escura.com\/es\/tecnico-rrhh\/","title":{"rendered":"T\u00e9cnico\/a \u00e1rea laboral \u2013 Barcelona"},"content":{"rendered":"<div class=\"fusion-fullwidth fullwidth-box fusion-builder-row-1 fusion-flex-container nonhundred-percent-fullwidth non-hundred-percent-height-scrolling\" style=\"--awb-border-radius-top-left:0px;--awb-border-radius-top-right:0px;--awb-border-radius-bottom-right:0px;--awb-border-radius-bottom-left:0px;--awb-flex-wrap:wrap;\" ><div class=\"fusion-builder-row fusion-row fusion-flex-align-items-flex-start fusion-flex-content-wrap\" style=\"max-width:104%;margin-left: calc(-4% \/ 2 );margin-right: calc(-4% \/ 2 );\"><div class=\"fusion-layout-column fusion_builder_column fusion-builder-column-0 fusion_builder_column_1_2 1_2 fusion-flex-column\" style=\"--awb-bg-size:cover;--awb-width-large:50%;--awb-margin-top-large:0px;--awb-spacing-right-large:3.84%;--awb-margin-bottom-large:20px;--awb-spacing-left-large:3.84%;--awb-width-medium:100%;--awb-order-medium:0;--awb-spacing-right-medium:1.92%;--awb-spacing-left-medium:1.92%;--awb-width-small:100%;--awb-order-small:0;--awb-spacing-right-small:1.92%;--awb-spacing-left-small:1.92%;\"><div class=\"fusion-column-wrapper fusion-column-has-shadow fusion-flex-justify-content-flex-start fusion-content-layout-column\"><div class=\"fusion-text fusion-text-1\"><h1>T\u00e9cnico\/a \u00e1rea laboral \u2013 Barcelona<\/h1>\n<\/div><div class=\"fusion-text fusion-text-2\"><h2><strong>Descripci\u00f3n de la oferta<\/strong><\/h2>\n<p>La persona seleccionada desempe\u00f1ar\u00e1 las siguientes funciones:<\/p>\n<ul>\n<li>Asesoramiento Integral personalizado en materia laboral a empresas clientes.<\/li>\n<li>Confecci\u00f3n de hojas de salario y revisi\u00f3n de estas.<\/li>\n<li>Aplicaci\u00f3n e interpretaci\u00f3n de convenios colectivos.<\/li>\n<li>Confecci\u00f3n, env\u00edo e interpretaci\u00f3n de los Seguros Sociales as\u00ed como el env\u00edo de Conceptos Retributivos Abonados.<\/li>\n<li>Estudios de costes.<\/li>\n<li>Presentaci\u00f3n de los modelos 111-216 trimestrales y 190-296 anuales.<\/li>\n<\/ul>\n<h2><strong>Perfil buscado (h\/m)<\/strong><\/h2>\n<p>La persona seleccionada deber\u00e1 reunir los siguientes requisitos:<\/p>\n<ul>\n<li>Experiencia m\u00ednima de 2 a\u00f1os en posici\u00f3n similar.<\/li>\n<li>Manejo fluido en A3 NOM o programa similar.<\/li>\n<li>Alto nivel de proactividad.<\/li>\n<li>Se valora conocimiento de idiomas.<\/li>\n<\/ul>\n<p>Para inscribirte a la oferta, env\u00eda tu curr\u00edculum a escura@escura.com e indica en el asunto la referencia <strong>REF. CV TECNICO \u00c1REA LABORAL.<\/strong><\/p>\n<\/div><\/div><\/div><div class=\"fusion-layout-column fusion_builder_column fusion-builder-column-1 fusion_builder_column_1_2 1_2 fusion-flex-column\" style=\"--awb-bg-size:cover;--awb-width-large:50%;--awb-margin-top-large:0px;--awb-spacing-right-large:3.84%;--awb-margin-bottom-large:20px;--awb-spacing-left-large:3.84%;--awb-width-medium:100%;--awb-order-medium:0;--awb-spacing-right-medium:1.92%;--awb-spacing-left-medium:1.92%;--awb-width-small:100%;--awb-order-small:0;--awb-spacing-right-small:1.92%;--awb-spacing-left-small:1.92%;\"><div class=\"fusion-column-wrapper fusion-column-has-shadow fusion-flex-justify-content-flex-start fusion-content-layout-column\"><div class=\"fusion-separator fusion-full-width-sep\" style=\"align-self: center;margin-left: auto;margin-right: auto;margin-top:30px;width:100%;\"><\/div><div class=\"fusion-builder-row fusion-builder-row-inner fusion-row fusion-flex-align-items-flex-start fusion-flex-content-wrap\" style=\"--awb-flex-grow:0;--awb-flex-grow-medium:0;--awb-flex-grow-small:0;--awb-flex-shrink:0;--awb-flex-shrink-medium:0;--awb-flex-shrink-small:0;width:104% !important;max-width:104% !important;margin-left: calc(-4% \/ 2 );margin-right: calc(-4% \/ 2 );\"><div class=\"fusion-layout-column fusion_builder_column_inner fusion-builder-nested-column-0 fusion_builder_column_inner_1_1 1_1 fusion-flex-column\" style=\"--awb-bg-color:#003a7a;--awb-bg-color-hover:#003a7a;--awb-bg-size:cover;--awb-width-large:100%;--awb-margin-top-large:0px;--awb-spacing-right-large:1.92%;--awb-margin-bottom-large:20px;--awb-spacing-left-large:1.92%;--awb-width-medium:100%;--awb-order-medium:0;--awb-spacing-right-medium:1.92%;--awb-spacing-left-medium:1.92%;--awb-width-small:100%;--awb-order-small:0;--awb-spacing-right-small:1.92%;--awb-spacing-left-small:1.92%;\"><div class=\"fusion-column-wrapper fusion-column-has-shadow fusion-flex-justify-content-flex-start fusion-content-layout-column\"><div class=\"fusion-separator fusion-full-width-sep\" style=\"align-self: center;margin-left: auto;margin-right: auto;margin-top:30px;width:100%;\"><\/div><div class=\"fusion-text fusion-text-3\"><h2 style=\"text-align: center;\"><strong><span style=\"color: #ffffff;\">Formulario de inscripci\u00f3n<\/span><\/strong><\/h2>\n<\/div><\/div><\/div><\/div>\n<div class=\"wpcf7 no-js\" id=\"wpcf7-f38183-o1\" lang=\"es-ES\" dir=\"ltr\" data-wpcf7-id=\"38183\">\n<div class=\"screen-reader-response\"><p role=\"status\" aria-live=\"polite\" aria-atomic=\"true\"><\/p> <ul><\/ul><\/div>\n<form action=\"\/es\/wp-json\/wp\/v2\/pages\/59917#wpcf7-f38183-o1\" method=\"post\" class=\"wpcf7-form init\" aria-label=\"Formulario de contacto\" enctype=\"multipart\/form-data\" novalidate=\"novalidate\" data-status=\"init\">\n<fieldset class=\"hidden-fields-container\"><input type=\"hidden\" name=\"_wpcf7\" value=\"38183\" \/><input type=\"hidden\" name=\"_wpcf7_version\" value=\"6.1.5\" \/><input type=\"hidden\" name=\"_wpcf7_locale\" value=\"es_ES\" \/><input type=\"hidden\" name=\"_wpcf7_unit_tag\" value=\"wpcf7-f38183-o1\" \/><input type=\"hidden\" name=\"_wpcf7_container_post\" value=\"0\" \/><input type=\"hidden\" name=\"_wpcf7_posted_data_hash\" value=\"\" \/><input type=\"hidden\" name=\"_wpcf7_recaptcha_response\" value=\"\" \/>\n<\/fieldset>\n<p><label> Nombre y apellidos<br \/>\n<span class=\"wpcf7-form-control-wrap\" data-name=\"mc4wp-FNAME\"><input size=\"40\" maxlength=\"400\" class=\"wpcf7-form-control wpcf7-text wpcf7-validates-as-required\" aria-required=\"true\" aria-invalid=\"false\" value=\"\" type=\"text\" name=\"mc4wp-FNAME\" \/><\/span> <\/label>\n<\/p>\n<p><label> Correo electr\u00f3nico<br \/>\n<span class=\"wpcf7-form-control-wrap\" data-name=\"mc4wp-EMAIL\"><input size=\"40\" maxlength=\"400\" class=\"wpcf7-form-control wpcf7-email wpcf7-validates-as-required wpcf7-text wpcf7-validates-as-email\" aria-required=\"true\" aria-invalid=\"false\" value=\"\" type=\"email\" name=\"mc4wp-EMAIL\" \/><\/span> <\/label>\n<\/p>\n<p><label> Tel\u00e9fono<br \/>\n<span class=\"wpcf7-form-control-wrap\" data-name=\"tel-149\"><input size=\"40\" maxlength=\"400\" class=\"wpcf7-form-control wpcf7-tel wpcf7-text wpcf7-validates-as-tel\" aria-invalid=\"false\" value=\"\" type=\"tel\" name=\"tel-149\" \/><\/span> <\/label>\n<\/p>\n<p>Puesto al que quiere acceder:<br \/>\n<span class=\"wpcf7-form-control-wrap\" data-name=\"checkbox-480\"><span class=\"wpcf7-form-control wpcf7-checkbox\"><span class=\"wpcf7-list-item first\"><label><input type=\"checkbox\" name=\"checkbox-480[]\" value=\"Jur\u00eddico-mercantil\" \/><span class=\"wpcf7-list-item-label\">Jur\u00eddico-mercantil<\/span><\/label><\/span><span class=\"wpcf7-list-item\"><label><input type=\"checkbox\" name=\"checkbox-480[]\" value=\"Fiscal\" \/><span class=\"wpcf7-list-item-label\">Fiscal<\/span><\/label><\/span><span class=\"wpcf7-list-item\"><label><input type=\"checkbox\" name=\"checkbox-480[]\" value=\"Recursos Humanos\" \/><span class=\"wpcf7-list-item-label\">Recursos Humanos<\/span><\/label><\/span><span class=\"wpcf7-list-item\"><label><input type=\"checkbox\" name=\"checkbox-480[]\" value=\"Litigios y Arbitraje\" \/><span class=\"wpcf7-list-item-label\">Litigios y Arbitraje<\/span><\/label><\/span><span class=\"wpcf7-list-item last\"><label><input type=\"checkbox\" name=\"checkbox-480[]\" value=\"\u00c1rea Cumplimiento\" \/><span class=\"wpcf7-list-item-label\">\u00c1rea Cumplimiento<\/span><\/label><\/span><\/span><\/span>\n<\/p>\n<p><label> Carta de presentaci\u00f3n:<br \/>\n<span class=\"wpcf7-form-control-wrap\" data-name=\"textarea-968\"><textarea cols=\"40\" rows=\"10\" maxlength=\"2000\" class=\"wpcf7-form-control wpcf7-textarea wpcf7-validates-as-required\" aria-required=\"true\" aria-invalid=\"false\" name=\"textarea-968\"><\/textarea><\/span> <\/label>\n<\/p>\n<p><label> Adjuntar CV:<br \/>\n<span class=\"wpcf7-form-control-wrap\" data-name=\"file-790\"><input size=\"40\" class=\"wpcf7-form-control wpcf7-file wpcf7-validates-as-required\" accept=\".pdf,.txt\" aria-required=\"true\" aria-invalid=\"false\" type=\"file\" name=\"file-790\" \/><\/span><\/label>\n<\/p>\n<p><span class=\"wpcf7-form-control-wrap\" data-name=\"acceptance-287\"><span class=\"wpcf7-form-control wpcf7-acceptance\"><span class=\"wpcf7-list-item\"><input type=\"checkbox\" name=\"acceptance-287\" value=\"1\" class=\"acept_form\" aria-invalid=\"false\" \/><\/span><\/span><\/span> Acepto y he le\u00eddo la pol\u00edtica de <a href=\"https:\/\/www.escura.com\/es\/politica-de-privacidad\/\" target=\"_blank\">protecci\u00f3n de datos<\/a>\n<\/p>\n<p><span class=\"wpcf7-form-control-wrap\" data-name=\"acceptance-907\"><span class=\"wpcf7-form-control wpcf7-acceptance\"><span class=\"wpcf7-list-item\"><input type=\"checkbox\" name=\"acceptance-907\" value=\"1\" class=\"acept_form\" aria-invalid=\"false\" \/><\/span><\/span><\/span> Autorizo a BUFETE ESCURA para conservar mi CV para posibles futuros procesos de selecci\u00f3n\n<\/p>\n\n<p><input class=\"wpcf7-form-control wpcf7-submit has-spinner\" type=\"submit\" value=\"Enviar\" \/>\n<\/p><div class=\"fusion-alert alert custom alert-custom fusion-alert-center wpcf7-response-output awb-alert-native-link-color alert-dismissable awb-alert-close-boxed\" style=\"--awb-border-top-left-radius:0px;--awb-border-top-right-radius:0px;--awb-border-bottom-left-radius:0px;--awb-border-bottom-right-radius:0px;\" role=\"alert\"><div class=\"fusion-alert-content-wrapper\"><span class=\"fusion-alert-content\"><\/span><\/div><button type=\"button\" class=\"close toggle-alert\" data-dismiss=\"alert\" aria-label=\"Close\">&times;<\/button><\/div>\n<\/form>\n<\/div>\n<\/div><\/div><\/div><\/div>\n","protected":false},"excerpt":{"rendered":"","protected":false},"author":1,"featured_media":0,"parent":0,"menu_order":0,"comment_status":"closed","ping_status":"closed","template":"","meta":{"footnotes":""},"class_list":["post-59917","page","type-page","status-publish","hentry"],"yoast_head":"<!-- This site is optimized with the Yoast SEO Premium plugin v26.6 (Yoast SEO v27.4) - https:\/\/yoast.com\/product\/yoast-seo-premium-wordpress\/ -->\n<title>T\u00e9cnico\/a \u00e1rea laboral \u2013 Barcelona - Escura | Abogados y Economistas<\/title>\n<meta name=\"robots\" content=\"index, follow, max-snippet:-1, max-image-preview:large, max-video-preview:-1\" \/>\n<link rel=\"canonical\" href=\"https:\/\/www.escura.com\/es\/tecnico-rrhh\/\" \/>\n<meta property=\"og:locale\" content=\"es_ES\" \/>\n<meta property=\"og:type\" content=\"article\" \/>\n<meta property=\"og:title\" content=\"T\u00e9cnico\/a \u00e1rea laboral \u2013 Barcelona\" \/>\n<meta property=\"og:url\" content=\"https:\/\/www.escura.com\/es\/tecnico-rrhh\/\" \/>\n<meta property=\"og:site_name\" content=\"Escura | Abogados y Economistas\" \/>\n<meta property=\"article:publisher\" content=\"https:\/\/www.facebook.com\/escura.abogados\" \/>\n<meta property=\"article:modified_time\" content=\"2026-03-23T08:12:50+00:00\" \/>\n<meta name=\"twitter:card\" content=\"summary_large_image\" \/>\n<meta name=\"twitter:site\" content=\"@escura_abogados\" \/>\n<meta name=\"twitter:label1\" content=\"Tiempo de lectura\" \/>\n\t<meta name=\"twitter:data1\" content=\"1 minuto\" \/>\n<script type=\"application\/ld+json\" class=\"yoast-schema-graph\">{\"@context\":\"https:\\\/\\\/schema.org\",\"@graph\":[{\"@type\":\"WebPage\",\"@id\":\"https:\\\/\\\/www.escura.com\\\/es\\\/tecnico-rrhh\\\/\",\"url\":\"https:\\\/\\\/www.escura.com\\\/es\\\/tecnico-rrhh\\\/\",\"name\":\"T\u00e9cnico\\\/a \u00e1rea laboral \u2013 Barcelona - Escura | Abogados y Economistas\",\"isPartOf\":{\"@id\":\"https:\\\/\\\/www.escura.com\\\/en\\\/#website\"},\"datePublished\":\"2024-02-20T11:21:12+00:00\",\"dateModified\":\"2026-03-23T08:12:50+00:00\",\"breadcrumb\":{\"@id\":\"https:\\\/\\\/www.escura.com\\\/es\\\/tecnico-rrhh\\\/#breadcrumb\"},\"inLanguage\":\"es\",\"potentialAction\":[{\"@type\":\"ReadAction\",\"target\":[\"https:\\\/\\\/www.escura.com\\\/es\\\/tecnico-rrhh\\\/\"]}]},{\"@type\":\"BreadcrumbList\",\"@id\":\"https:\\\/\\\/www.escura.com\\\/es\\\/tecnico-rrhh\\\/#breadcrumb\",\"itemListElement\":[{\"@type\":\"ListItem\",\"position\":1,\"name\":\"Portada\",\"item\":\"https:\\\/\\\/35.181.91.225\\\/es\\\/\"},{\"@type\":\"ListItem\",\"position\":2,\"name\":\"T\u00e9cnico\\\/a \u00e1rea laboral \u2013 Barcelona\"}]},{\"@type\":\"WebSite\",\"@id\":\"https:\\\/\\\/www.escura.com\\\/en\\\/#website\",\"url\":\"https:\\\/\\\/www.escura.com\\\/en\\\/\",\"name\":\"Escura | Abogados y Economistas\",\"description\":\"Escura es uno de los despachos de abogados de mayor prestigio en Barcelona, Madrid y Tarragona\",\"publisher\":{\"@id\":\"https:\\\/\\\/www.escura.com\\\/en\\\/#organization\"},\"potentialAction\":[{\"@type\":\"SearchAction\",\"target\":{\"@type\":\"EntryPoint\",\"urlTemplate\":\"https:\\\/\\\/www.escura.com\\\/en\\\/?s={search_term_string}\"},\"query-input\":{\"@type\":\"PropertyValueSpecification\",\"valueRequired\":true,\"valueName\":\"search_term_string\"}}],\"inLanguage\":\"es\"},{\"@type\":\"Organization\",\"@id\":\"https:\\\/\\\/www.escura.com\\\/en\\\/#organization\",\"name\":\"Escura. Abogados y economistas\",\"url\":\"https:\\\/\\\/www.escura.com\\\/en\\\/\",\"logo\":{\"@type\":\"ImageObject\",\"inLanguage\":\"es\",\"@id\":\"https:\\\/\\\/www.escura.com\\\/en\\\/#\\\/schema\\\/logo\\\/image\\\/\",\"url\":\"\",\"contentUrl\":\"\",\"caption\":\"Escura. Abogados y economistas\"},\"image\":{\"@id\":\"https:\\\/\\\/www.escura.com\\\/en\\\/#\\\/schema\\\/logo\\\/image\\\/\"},\"sameAs\":[\"https:\\\/\\\/www.facebook.com\\\/escura.abogados\",\"https:\\\/\\\/x.com\\\/escura_abogados\",\"https:\\\/\\\/www.instagram.com\\\/escura_abogados\\\/\",\"https:\\\/\\\/www.linkedin.com\\\/company\\\/bufete-escura\",\"https:\\\/\\\/www.youtube.com\\\/user\\\/BufeteEscura\\\/videos\"]}]}<\/script>\n<!-- \/ Yoast SEO Premium plugin. -->","yoast_head_json":{"title":"T\u00e9cnico\/a \u00e1rea laboral \u2013 Barcelona - Escura | Abogados y Economistas","robots":{"index":"index","follow":"follow","max-snippet":"max-snippet:-1","max-image-preview":"max-image-preview:large","max-video-preview":"max-video-preview:-1"},"canonical":"https:\/\/www.escura.com\/es\/tecnico-rrhh\/","og_locale":"es_ES","og_type":"article","og_title":"T\u00e9cnico\/a \u00e1rea laboral \u2013 Barcelona","og_url":"https:\/\/www.escura.com\/es\/tecnico-rrhh\/","og_site_name":"Escura | Abogados y Economistas","article_publisher":"https:\/\/www.facebook.com\/escura.abogados","article_modified_time":"2026-03-23T08:12:50+00:00","twitter_card":"summary_large_image","twitter_site":"@escura_abogados","twitter_misc":{"Tiempo de lectura":"1 minuto"},"schema":{"@context":"https:\/\/schema.org","@graph":[{"@type":"WebPage","@id":"https:\/\/www.escura.com\/es\/tecnico-rrhh\/","url":"https:\/\/www.escura.com\/es\/tecnico-rrhh\/","name":"T\u00e9cnico\/a \u00e1rea laboral \u2013 Barcelona - Escura | Abogados y Economistas","isPartOf":{"@id":"https:\/\/www.escura.com\/en\/#website"},"datePublished":"2024-02-20T11:21:12+00:00","dateModified":"2026-03-23T08:12:50+00:00","breadcrumb":{"@id":"https:\/\/www.escura.com\/es\/tecnico-rrhh\/#breadcrumb"},"inLanguage":"es","potentialAction":[{"@type":"ReadAction","target":["https:\/\/www.escura.com\/es\/tecnico-rrhh\/"]}]},{"@type":"BreadcrumbList","@id":"https:\/\/www.escura.com\/es\/tecnico-rrhh\/#breadcrumb","itemListElement":[{"@type":"ListItem","position":1,"name":"Portada","item":"https:\/\/35.181.91.225\/es\/"},{"@type":"ListItem","position":2,"name":"T\u00e9cnico\/a \u00e1rea laboral \u2013 Barcelona"}]},{"@type":"WebSite","@id":"https:\/\/www.escura.com\/en\/#website","url":"https:\/\/www.escura.com\/en\/","name":"Escura | Abogados y Economistas","description":"Escura es uno de los despachos de abogados de mayor prestigio en Barcelona, Madrid y Tarragona","publisher":{"@id":"https:\/\/www.escura.com\/en\/#organization"},"potentialAction":[{"@type":"SearchAction","target":{"@type":"EntryPoint","urlTemplate":"https:\/\/www.escura.com\/en\/?s={search_term_string}"},"query-input":{"@type":"PropertyValueSpecification","valueRequired":true,"valueName":"search_term_string"}}],"inLanguage":"es"},{"@type":"Organization","@id":"https:\/\/www.escura.com\/en\/#organization","name":"Escura. Abogados y economistas","url":"https:\/\/www.escura.com\/en\/","logo":{"@type":"ImageObject","inLanguage":"es","@id":"https:\/\/www.escura.com\/en\/#\/schema\/logo\/image\/","url":"","contentUrl":"","caption":"Escura. Abogados y economistas"},"image":{"@id":"https:\/\/www.escura.com\/en\/#\/schema\/logo\/image\/"},"sameAs":["https:\/\/www.facebook.com\/escura.abogados","https:\/\/x.com\/escura_abogados","https:\/\/www.instagram.com\/escura_abogados\/","https:\/\/www.linkedin.com\/company\/bufete-escura","https:\/\/www.youtube.com\/user\/BufeteEscura\/videos"]}]}},"_links":{"self":[{"href":"https:\/\/www.escura.com\/es\/wp-json\/wp\/v2\/pages\/59917","targetHints":{"allow":["GET"]}}],"collection":[{"href":"https:\/\/www.escura.com\/es\/wp-json\/wp\/v2\/pages"}],"about":[{"href":"https:\/\/www.escura.com\/es\/wp-json\/wp\/v2\/types\/page"}],"author":[{"embeddable":true,"href":"https:\/\/www.escura.com\/es\/wp-json\/wp\/v2\/users\/1"}],"replies":[{"embeddable":true,"href":"https:\/\/www.escura.com\/es\/wp-json\/wp\/v2\/comments?post=59917"}],"version-history":[{"count":10,"href":"https:\/\/www.escura.com\/es\/wp-json\/wp\/v2\/pages\/59917\/revisions"}],"predecessor-version":[{"id":117700,"href":"https:\/\/www.escura.com\/es\/wp-json\/wp\/v2\/pages\/59917\/revisions\/117700"}],"wp:attachment":[{"href":"https:\/\/www.escura.com\/es\/wp-json\/wp\/v2\/media?parent=59917"}],"curies":[{"name":"wp","href":"https:\/\/api.w.org\/{rel}","templated":true}]}}