{"id":3882,"date":"2017-02-02T17:40:40","date_gmt":"2017-02-02T17:40:40","guid":{"rendered":"https:\/\/www.escura.com\/?page_id=3882"},"modified":"2024-01-02T16:54:20","modified_gmt":"2024-01-02T15:54:20","slug":"aviso-legal","status":"publish","type":"page","link":"https:\/\/www.escura.com\/es\/aviso-legal\/","title":{"rendered":"Aviso Legal"},"content":{"rendered":"<div class=\"fusion-fullwidth fullwidth-box fusion-builder-row-1 nonhundred-percent-fullwidth non-hundred-percent-height-scrolling\" style=\"--awb-border-radius-top-left:0px;--awb-border-radius-top-right:0px;--awb-border-radius-bottom-right:0px;--awb-border-radius-bottom-left:0px;--awb-padding-top:30px;--awb-padding-right:30px;--awb-padding-bottom:30px;--awb-padding-left:30px;--awb-background-color:#ffffff;--awb-flex-wrap:wrap;\" ><div class=\"fusion-builder-row fusion-row\"><div class=\"fusion-layout-column fusion_builder_column fusion-builder-column-0 fusion_builder_column_1_1 1_1 fusion-one-full fusion-column-first fusion-column-last\" style=\"--awb-bg-blend:overlay;--awb-bg-size:cover;\"><div class=\"fusion-column-wrapper fusion-flex-column-wrapper-legacy\"><div class=\"fusion-text fusion-text-1\"><h1 class=\"h1-enlaces\" style=\"text-align: center;\">AVISO LEGAL<\/h1>\n<\/div><div class=\"fusion-sep-clear\"><\/div><div class=\"fusion-separator fusion-full-width-sep\" style=\"margin-left: auto;margin-right: auto;width:100%;\"><div class=\"fusion-separator-border sep-single sep-solid\" style=\"--awb-height:20px;--awb-amount:20px;border-color:#e0dede;border-top-width:1px;\"><\/div><\/div><div class=\"fusion-sep-clear\"><\/div><div class=\"fusion-sep-clear\"><\/div><div class=\"fusion-separator fusion-full-width-sep\" style=\"margin-left: auto;margin-right: auto;margin-top:30px;width:100%;\"><\/div><div class=\"fusion-sep-clear\"><\/div><div class=\"fusion-text fusion-text-2\"><p><strong>Denominaci\u00f3n Social:<\/strong> BUFETE ESCURA, S.L<\/p>\n<p><strong>Domicilio Social:<\/strong> C\/. Comte d\u2019Urgell, 240 7\u00baB, 08036 Barcelona<\/p>\n<p><strong>N.I.F.:<\/strong> B61534004<\/p>\n<p><strong>Direcci\u00f3n de correo electr\u00f3nico:<\/strong> <a href=\"mailto:rgpd@escura.com\">rgpd@escura.com<\/a><\/p>\n<p><strong>Tel\u00e9fono: <\/strong><a href=\"tel:934940131\">93 494 01 31<\/a><\/p>\n<p><strong>Sitio Web<\/strong><strong>:<\/strong> <a href=\"http:\/\/www.escura.com\">www.escura.com<\/a><\/p>\n<p><strong>Inscripci\u00f3n<\/strong><strong> a registros: <\/strong>Registro Mercantil de Barcelona T 43104, F 91, S 8, H B 172358<\/p>\n<\/div><div class=\"fusion-sep-clear\"><\/div><div class=\"fusion-separator fusion-full-width-sep\" style=\"margin-left: auto;margin-right: auto;margin-top:10px;margin-bottom:30px;width:100%;\"><div class=\"fusion-separator-border sep-single sep-solid\" style=\"--awb-height:20px;--awb-amount:20px;border-color:#e0dede;border-top-width:1px;\"><\/div><\/div><div class=\"fusion-sep-clear\"><\/div><div class=\"fusion-text fusion-text-3\"><h2 class=\"fusion-responsive-typography-calculated\" style=\"--fontsize: 20; line-height: 1.21;\" data-fontsize=\"20\" data-lineheight=\"24.2px\"><strong><u>1. OBJETO<\/u><\/strong><\/h2>\n<p>El presente Aviso Legal tiene como objetivo informar a todos los usuarios sobre la configuraci\u00f3n y condiciones de uso del Sitio Web (<a href=\"http:\/\/www.escura.com\">www.escura.com<\/a>) de BUFETE ESCURA (en adelante, \u201cESCURA\u201d). De este modo, ESCURA cumple con las obligaciones previstas en la Ley 34\/2002, de Servicios de la Sociedad de la Informaci\u00f3n y del Comercio Electr\u00f3nico (LSSICE).<\/p>\n<p>A trav\u00e9s de nuestro Sitio Web ponemos a disposici\u00f3n de los usuarios toda la informaci\u00f3n necesaria para que conozcan los servicios que ofrecemos.<\/p>\n<p>El presente Aviso Legal est\u00e1 sujeto a revisi\u00f3n continua por parte de ESCURA, modific\u00e1ndose siempre que resulte necesario a fin de adaptarlo a la actualidad legislativa de cada momento o a cualquier variaci\u00f3n en nuestro Sitio Web. Por ello, le recomendamos revisar peri\u00f3dicamente este documento para mantenerse informado sobre cualquier novedad relacionada con la configuraci\u00f3n y uso del Sitio Web.<\/p>\n<h2 class=\"fusion-responsive-typography-calculated\" style=\"--fontsize: 20; line-height: 1.21;\" data-fontsize=\"20\" data-lineheight=\"24.2px\"><strong><u>2. ACEPTACI\u00d3N DEL USUARIO<\/u><\/strong><\/h2>\n<p>El acceso y uso de nuestro Sitio Web le atribuye la condici\u00f3n de \u201cusuario\u201d. Desde dicho acceso y\/o uso, se considera que el usuario acepta de forma absoluta y sin reservas las normas y condiciones de uso previstas en el presente Aviso Legal. Si el usuario decide no aceptar cualquiera de las referidas normas o condiciones, o manifiesta alg\u00fan tipo de reserva, debe abstenerse de acceder y\/o utilizar nuestro Sitio Web.<\/p>\n<h2 class=\"fusion-responsive-typography-calculated\" style=\"--fontsize: 20; line-height: 1.21;\" data-fontsize=\"20\" data-lineheight=\"24.2px\"><strong><u>3. CONDICIONES DE ACCESO Y USO DEL SITIO WEB<\/u><\/strong><\/h2>\n<h3 class=\"fusion-responsive-typography-calculated\" style=\"--fontsize: 18; line-height: 1.67; --minfontsize: 18;\" data-fontsize=\"18\" data-lineheight=\"30.06px\"><strong>3.1. Car\u00e1cter gratuito de acceso al Sitio Web<\/strong><\/h3>\n<p>El acceso y uso del Sitio Web de ESCURA tiene car\u00e1cter gratuito para todos los usuarios. En caso de que los productos y servicios ofrecidos a trav\u00e9s del Sitio Web estuviesen sometidos al pago de alg\u00fan precio, los usuarios ser\u00e1n previa y debidamente informados a trav\u00e9s del Sitio Web para su aceptaci\u00f3n en los t\u00e9rminos econ\u00f3micos que correspondan en cada momento.<\/p>\n<h3 class=\"fusion-responsive-typography-calculated\" style=\"--fontsize: 18; line-height: 1.67; --minfontsize: 18;\" data-fontsize=\"18\" data-lineheight=\"30.06px\"><b>3.2 Obligaci\u00f3n de hacer un uso correcto del Sitio Web<\/b><\/h3>\n<p>El usuario se compromete a utilizar el Sitio Web con arreglo a las disposiciones del presente Aviso Legal y condiciones de uso, debiendo abstenerse de realizar las siguientes acciones:<\/p>\n<ul>\n<li>llevar a cabo actividades contrarias a la Ley vigente, moral, a las buenas costumbres o al orden p\u00fablico establecido, o con fines il\u00edcitos, prohibidos o lesivos de derechos e intereses de ESCURA o de terceros (en especial, derechos de propiedad intelectual, industrial o an\u00e1logos).<\/li>\n<li>utilizar el Sitio Web o parte del mismo en otros sitios web privados o comerciales, as\u00ed como establecer hiperenlaces o hiperv\u00ednculos al Sitio Web o a alguno de sus contenidos (salvo autorizaci\u00f3n expresa y por escrito de ESCURA).<\/li>\n<li>falsear la identidad del usuario o suplantar la de un tercero, as\u00ed como facilitar datos falsos en la cumplimentaci\u00f3n de formularios y otros documentos de an\u00e1loga naturaleza. Ser\u00e1 responsabilidad del usuario mantener toda la informaci\u00f3n facilitada a ESCURA permanentemente actualizada, siendo adem\u00e1s el \u00fanico responsable de las manifestaciones falsas o inexactas que realice y de los prejuicios que pudiese causar a ESCURA o a terceros por ello.<\/li>\n<li>utilizar c\u00f3digos maliciosos o programas inform\u00e1ticos que puedan interrumpir, obstaculizar, inutilizar o directamente da\u00f1ar el Sitio Web, sus contenidos o servicios y los equipos, sistemas y redes que les dan soporte.<\/li>\n<\/ul>\n<p>Los contenidos y servicios ofrecidos a trav\u00e9s del Sitio Web est\u00e1n destinados para ser utilizados por personas mayores de edad. \u00danicamente se permite el acceso y uso del Sitio Web por parte de menores de edad si estos \u00faltimos cuentan con la autorizaci\u00f3n previa de sus padres, tutores o representantes legales, quienes ser\u00e1n responsables de todos los actos realizados a trav\u00e9s del Sitio Web por los menores a su cargo.<\/p>\n<p>ESCURA se reserva el derecho a denegar discrecionalmente a cualquier usuario el acceso al Sitio Web, sus contenido y servicios, si existen indicios de que los ha utilizado o los utilizar\u00e1 infringiendo las disposiciones del presente Aviso Legal y condiciones de uso. ESCURA conservar\u00e1 todos los dem\u00e1s derechos adicionales que pudieran corresponderle frente al usuario, en especial los referentes al inicio de procedimientos judiciales penales o civiles.<\/p>\n<h2 class=\"fusion-responsive-typography-calculated\" style=\"--fontsize: 20; line-height: 1.21;\" data-fontsize=\"20\" data-lineheight=\"24.2px\"><strong><u>4. RESPONSABILIDADADES<\/u><\/strong><\/h2>\n<p>El usuario utiliza el Sitio Web por su propia cuenta y riesgo. Mediante su acceso, el usuario se obliga a utilizar el Sitio Web conforme a la Ley y las disposiciones del presente Aviso Legal, respondiendo frente a ESCURA y frente a terceros de cualquier da\u00f1o o perjuicio que pudiera causarse como consecuencia del incumplimiento de dicha obligaci\u00f3n.<\/p>\n<p>ESCURA proporciona a sus usuarios el acceso al presente Sitio Web, sus contenidos y servicios con un nivel de competencia y diligencia razonable. En este sentido, el presente Sitio Web ha sido revisado y probado para que funcione correctamente los 365 d\u00edas del a\u00f1o, 24 horas al d\u00eda. Adem\u00e1s, el Sitio Web utiliza cookies para llevar a cabo determinadas funciones que son consideradas imprescindibles para su correcto funcionamiento y visualizaci\u00f3n. Para obtener m\u00e1s informaci\u00f3n sobre las cookies que gestiona ESCURA, el usuario puede acceder a nuestra <strong><a href=\"https:\/\/www.escura.com\/es\/politica-de-cookies\/\">Pol\u00edtica de Cookies<\/a><\/strong>.<\/p>\n<p>No obstante, ESCURA no puede ofrecer garant\u00edas ni hacerse responsable de los da\u00f1os y perjuicios de cualquier naturaleza que pudieran derivarse de:<\/p>\n<ul>\n<li>la falta de disponibilidad o efectivo funcionamiento del Sitio Web, de sus servicios y contenidos, debido a causas ajenas al control de ESCURA.<\/li>\n<li>acciones necesarias para llevar a cabo operaciones de mejora, mantenimiento o an\u00e1logas del Sitio Web.<\/li>\n<li>fallos o desconexiones en las redes de telecomunicaciones que interrumpan el servicio, as\u00ed como otras circunstancias acaecidas por caso fortuito o fuerza mayor.<\/li>\n<li>contenidos publicitarios u ofertas que pudiese albergar el Sitio Web, siendo los anunciantes u ofertantes los \u00fanicos responsables de asegurar que el material remitido para su inclusi\u00f3n en el Sitio Web cumple con la normativa legal aplicable. ESCURA no ser\u00e1 responsable de cualquier error, inexactitud o irregularidad que puedan presentar dichos contenidos.<\/li>\n<li>informaci\u00f3n publicada en el Sitio Web, siempre que esta informaci\u00f3n haya estado manipulada o introducida por un tercero ajeno.<\/li>\n<li>errores de seguridad que puedan causarse en el sistema inform\u00e1tico del usuario (hardware y software), como consecuencia de la presencia de virus en el dispositivo del usuario utilizado para la conexi\u00f3n al Sitio Web.<\/li>\n<li>un uso del Sitio Web, de sus servicios y contenidos, il\u00edcito, negligente, fraudulento o contrario al presente Aviso Legal y condiciones de uso.<\/li>\n<li>el incumplimiento o la falta de licitud, cualidad, fiabilidad, utilidad y disponibilidad de los productos o servicios prestados por terceros y puestos a disposici\u00f3n de los usuarios a trav\u00e9s del Sitio Web.<\/li>\n<li>informaci\u00f3n y contenidos almacenados, a t\u00edtulo enunciativo y no limitativo, en f\u00f3rums, chats, blogs, redes sociales o cualquier otra plataforma que permita a usuarios y terceros publicar contenidos en el Sitio Web. Sin embargo, en virtud de los arts. 11 y 16 de la LSSICE, ESCURA se pone a disposici\u00f3n de los \u00f3rganos competentes colaborando con ellos de forma activa en la retirada y, en su caso, el bloqueo de todos aquellos contenidos que atenten contra los principios recogidos en el art. 8 de la citada Ley. En caso de que el usuario considere que puede existir alg\u00fan contenido que pudiera ser susceptible de infringir el citado precepto legal, se ruega que lo notifique inmediatamente a BUFETE ESCURA.<\/li>\n<\/ul>\n<p>El Sitio Web puede contener enlaces a otros sitios web e incorporar informaci\u00f3n o servicios de terceros, con objeto de facilitar el acceso del usuario a informaci\u00f3n de empresas colaboradoras. ESCURA no ejerce control alguno sobre los mismos y no se responsabiliza de su contenido ni funcionamiento. ESCURA \u00fanicamente ofrece al usuario dichos enlaces e informaci\u00f3n o servicios para su comodidad, siendo responsabilidad del mismo leer y aceptar las condiciones de uso y pol\u00edticas de privacidad publicados en los sitios web o aplicaciones vinculados.<\/p>\n<h2 class=\"fusion-responsive-typography-calculated\" style=\"--fontsize: 20; line-height: 1.21;\" data-fontsize=\"20\" data-lineheight=\"24.2px\"><strong><u>5. PROTECCI\u00d3N DE DATOS PERSONALES<\/u><\/strong><\/h2>\n<p>ESCURA, en calidad de titular y responsable del presente Sitio Web, informa a todos los usuarios que hayan facilitado o tengan intenci\u00f3n de facilitar sus datos personales, que estos ser\u00e1n tratados por ESCURA con arreglo a la normativa legal de referencia en materia de protecci\u00f3n de datos, esto es, el Reglamento (UE) 2016\/679 del Parlamento Europeo y del Consejo de 27 de abril de 2016 y la Ley Org\u00e1nica 3\/2018, de 5 de diciembre.<\/p>\n<p>A tal efecto, los datos personales de los usuarios ser\u00e1n tratados de conformidad con los principios de licitud, lealtad, transparencia, limitaci\u00f3n de la finalidad, minimizaci\u00f3n de datos, exactitud, integridad y confidencialidad, respetando al mismo tiempo el resto de obligaciones y garant\u00edas establecidas en la citada normativa legal.<\/p>\n<p>Para obtener m\u00e1s informaci\u00f3n sobre c\u00f3mo gestionamos los datos personales de nuestros usuarios, consulte nuestra <strong><a href=\"https:\/\/www.escura.com\/es\/politica-de-privacidad\/\">Pol\u00edtica de Privacidad<\/a>.<\/strong><\/p>\n<h2 class=\"fusion-responsive-typography-calculated\" style=\"--fontsize: 20; line-height: 1.21;\" data-fontsize=\"20\" data-lineheight=\"24.2px\"><strong><u>6. PROPIEDAD INDUSTRIAL E INTELECTUAL<\/u><\/strong><\/h2>\n<p>La totalidad de los contenidos del Sitio Web (textos, fotograf\u00edas, gr\u00e1ficos, im\u00e1genes, tecnolog\u00eda, software, links, contenidos audiovisuales, dise\u00f1o gr\u00e1fico, c\u00f3digo fuente, etc.), as\u00ed como las marcas y dem\u00e1s signos distintivos son propiedad de ESCURA o de terceros, siendo estos los titulares de los correspondientes derechos de propiedad intelectual e industrial, no adquiriendo el usuario ninguna facultad sobre ellos por el mero acceso y uso del Sitio Web.<\/p>\n<p>Queda prohibida la utilizaci\u00f3n, reproducci\u00f3n, distribuci\u00f3n, comunicaci\u00f3n p\u00fablica y transformaci\u00f3n de los contenidos del Sitio Web de cualquier modo por parte del usuario, salvo en los casos contemplados legalmente o expresamente autorizados por ESCURA. En este sentido, se except\u00faa la explotaci\u00f3n de los contenidos que sea expresamente autorizada por ESCURA a sus clientes o proveedores en virtud del correspondiente contrato, as\u00ed como el uso personal y privado de los contenidos de acceso libre y gratuito existentes en el Sitio Web.<\/p>\n<p>Cualquier uso de los contenidos del Sitio Web que incumpla la anterior obligaci\u00f3n, se considerar\u00e1 un incumplimiento grave de los derechos de propiedad intelectual o industrial de ESCURA o de terceros, pudiendo ser denunciado y perseguido por todos los medios legales.<\/p>\n<p>A fin de poder realizar cualquier tipo de observaci\u00f3n respecto a posibles vulneraciones de los derechos de propiedad intelectual o industrial de ESCURA o de sus leg\u00edtimos titulares, puede hacerlo a trav\u00e9s de la direcci\u00f3n de correo electr\u00f3nico <a href=\"mailto:rgpd@escura.com\">rgpd@escura.com<\/a>.<\/p>\n<h2 class=\"fusion-responsive-typography-calculated\" style=\"--fontsize: 20; line-height: 1.21;\" data-fontsize=\"20\" data-lineheight=\"24.2px\"><strong><u>7. LEY APLICABLE Y JURISDICCI\u00d3N<\/u><\/strong><\/h2>\n<p>El presente Aviso Legal se rige por la legislaci\u00f3n espa\u00f1ola, siendo competentes los juzgados y tribunales espa\u00f1oles para conocer de cuantas cuestiones se susciten sobre su interpretaci\u00f3n, aplicaci\u00f3n y cumplimiento. El usuario, en virtud de la aceptaci\u00f3n de las previsiones recogidas en este Aviso legal, renuncia expresamente a cualquier fuero distinto que por aplicaci\u00f3n de la Ley vigente pudiera corresponderle.<\/p>\n<p>No obstante, si el usuario presenta la condici\u00f3n de consumidor, las disposiciones del Aviso Legal estar\u00e1n igualmente sujetas a la correspondiente legislaci\u00f3n local aplicable, someti\u00e9ndose consecuentemente cualquier controversia a los tribunales competentes del domicilio del usuario.<\/p>\n<\/div><div class=\"fusion-clearfix\"><\/div><\/div><\/div><\/div><\/div>\n","protected":false},"excerpt":{"rendered":"","protected":false},"author":1,"featured_media":0,"parent":0,"menu_order":0,"comment_status":"closed","ping_status":"closed","template":"","meta":{"footnotes":""},"class_list":["post-3882","page","type-page","status-publish","hentry"],"yoast_head":"<!-- This site is optimized with the Yoast SEO Premium plugin v26.6 (Yoast SEO v27.4) - https:\/\/yoast.com\/product\/yoast-seo-premium-wordpress\/ -->\n<title>Aviso Legal<\/title>\n<meta name=\"description\" content=\"Informacion legal - Escura. Abogados y Economistas en Barcelona Madrid y Tarragona\" \/>\n<meta name=\"robots\" content=\"index, follow, max-snippet:-1, max-image-preview:large, max-video-preview:-1\" \/>\n<link rel=\"canonical\" href=\"https:\/\/www.escura.com\/es\/aviso-legal\/\" \/>\n<meta property=\"og:locale\" content=\"es_ES\" \/>\n<meta property=\"og:type\" content=\"article\" \/>\n<meta property=\"og:title\" content=\"Aviso Legal\" \/>\n<meta property=\"og:description\" content=\"Informacion legal - Escura. Abogados y Economistas en Barcelona Madrid y Tarragona\" \/>\n<meta property=\"og:url\" content=\"https:\/\/www.escura.com\/es\/aviso-legal\/\" \/>\n<meta property=\"og:site_name\" content=\"Escura | Abogados y Economistas\" \/>\n<meta property=\"article:publisher\" content=\"https:\/\/www.facebook.com\/escura.abogados\" \/>\n<meta property=\"article:modified_time\" content=\"2024-01-02T15:54:20+00:00\" \/>\n<meta name=\"twitter:card\" content=\"summary_large_image\" \/>\n<meta name=\"twitter:site\" content=\"@escura_abogados\" \/>\n<meta name=\"twitter:label1\" content=\"Tiempo de lectura\" \/>\n\t<meta name=\"twitter:data1\" content=\"10 minutos\" \/>\n<script type=\"application\/ld+json\" class=\"yoast-schema-graph\">{\"@context\":\"https:\\\/\\\/schema.org\",\"@graph\":[{\"@type\":\"WebPage\",\"@id\":\"https:\\\/\\\/www.escura.com\\\/es\\\/aviso-legal\\\/\",\"url\":\"https:\\\/\\\/www.escura.com\\\/es\\\/aviso-legal\\\/\",\"name\":\"Aviso Legal\",\"isPartOf\":{\"@id\":\"https:\\\/\\\/www.escura.com\\\/es\\\/#website\"},\"datePublished\":\"2017-02-02T17:40:40+00:00\",\"dateModified\":\"2024-01-02T15:54:20+00:00\",\"description\":\"Informacion legal - Escura. Abogados y Economistas en Barcelona Madrid y Tarragona\",\"breadcrumb\":{\"@id\":\"https:\\\/\\\/www.escura.com\\\/es\\\/aviso-legal\\\/#breadcrumb\"},\"inLanguage\":\"es\",\"potentialAction\":[{\"@type\":\"ReadAction\",\"target\":[\"https:\\\/\\\/www.escura.com\\\/es\\\/aviso-legal\\\/\"]}]},{\"@type\":\"BreadcrumbList\",\"@id\":\"https:\\\/\\\/www.escura.com\\\/es\\\/aviso-legal\\\/#breadcrumb\",\"itemListElement\":[{\"@type\":\"ListItem\",\"position\":1,\"name\":\"Portada\",\"item\":\"https:\\\/\\\/www.escura.com\\\/es\\\/\"},{\"@type\":\"ListItem\",\"position\":2,\"name\":\"Aviso Legal\"}]},{\"@type\":\"WebSite\",\"@id\":\"https:\\\/\\\/www.escura.com\\\/es\\\/#website\",\"url\":\"https:\\\/\\\/www.escura.com\\\/es\\\/\",\"name\":\"Escura | Abogados y Economistas\",\"description\":\"Escura es uno de los despachos de abogados de mayor prestigio en Barcelona, Madrid y Tarragona\",\"publisher\":{\"@id\":\"https:\\\/\\\/www.escura.com\\\/es\\\/#organization\"},\"potentialAction\":[{\"@type\":\"SearchAction\",\"target\":{\"@type\":\"EntryPoint\",\"urlTemplate\":\"https:\\\/\\\/www.escura.com\\\/es\\\/?s={search_term_string}\"},\"query-input\":{\"@type\":\"PropertyValueSpecification\",\"valueRequired\":true,\"valueName\":\"search_term_string\"}}],\"inLanguage\":\"es\"},{\"@type\":\"Organization\",\"@id\":\"https:\\\/\\\/www.escura.com\\\/es\\\/#organization\",\"name\":\"Escura. Abogados y economistas\",\"url\":\"https:\\\/\\\/www.escura.com\\\/es\\\/\",\"logo\":{\"@type\":\"ImageObject\",\"inLanguage\":\"es\",\"@id\":\"https:\\\/\\\/www.escura.com\\\/es\\\/#\\\/schema\\\/logo\\\/image\\\/\",\"url\":\"\",\"contentUrl\":\"\",\"caption\":\"Escura. Abogados y economistas\"},\"image\":{\"@id\":\"https:\\\/\\\/www.escura.com\\\/es\\\/#\\\/schema\\\/logo\\\/image\\\/\"},\"sameAs\":[\"https:\\\/\\\/www.facebook.com\\\/escura.abogados\",\"https:\\\/\\\/x.com\\\/escura_abogados\",\"https:\\\/\\\/www.instagram.com\\\/escura_abogados\\\/\",\"https:\\\/\\\/www.linkedin.com\\\/company\\\/bufete-escura\",\"https:\\\/\\\/www.youtube.com\\\/user\\\/BufeteEscura\\\/videos\"]}]}<\/script>\n<!-- \/ Yoast SEO Premium plugin. -->","yoast_head_json":{"title":"Aviso Legal","description":"Informacion legal - Escura. Abogados y Economistas en Barcelona Madrid y Tarragona","robots":{"index":"index","follow":"follow","max-snippet":"max-snippet:-1","max-image-preview":"max-image-preview:large","max-video-preview":"max-video-preview:-1"},"canonical":"https:\/\/www.escura.com\/es\/aviso-legal\/","og_locale":"es_ES","og_type":"article","og_title":"Aviso Legal","og_description":"Informacion legal - Escura. Abogados y Economistas en Barcelona Madrid y Tarragona","og_url":"https:\/\/www.escura.com\/es\/aviso-legal\/","og_site_name":"Escura | Abogados y Economistas","article_publisher":"https:\/\/www.facebook.com\/escura.abogados","article_modified_time":"2024-01-02T15:54:20+00:00","twitter_card":"summary_large_image","twitter_site":"@escura_abogados","twitter_misc":{"Tiempo de lectura":"10 minutos"},"schema":{"@context":"https:\/\/schema.org","@graph":[{"@type":"WebPage","@id":"https:\/\/www.escura.com\/es\/aviso-legal\/","url":"https:\/\/www.escura.com\/es\/aviso-legal\/","name":"Aviso Legal","isPartOf":{"@id":"https:\/\/www.escura.com\/es\/#website"},"datePublished":"2017-02-02T17:40:40+00:00","dateModified":"2024-01-02T15:54:20+00:00","description":"Informacion legal - Escura. Abogados y Economistas en Barcelona Madrid y Tarragona","breadcrumb":{"@id":"https:\/\/www.escura.com\/es\/aviso-legal\/#breadcrumb"},"inLanguage":"es","potentialAction":[{"@type":"ReadAction","target":["https:\/\/www.escura.com\/es\/aviso-legal\/"]}]},{"@type":"BreadcrumbList","@id":"https:\/\/www.escura.com\/es\/aviso-legal\/#breadcrumb","itemListElement":[{"@type":"ListItem","position":1,"name":"Portada","item":"https:\/\/www.escura.com\/es\/"},{"@type":"ListItem","position":2,"name":"Aviso Legal"}]},{"@type":"WebSite","@id":"https:\/\/www.escura.com\/es\/#website","url":"https:\/\/www.escura.com\/es\/","name":"Escura | Abogados y Economistas","description":"Escura es uno de los despachos de abogados de mayor prestigio en Barcelona, Madrid y Tarragona","publisher":{"@id":"https:\/\/www.escura.com\/es\/#organization"},"potentialAction":[{"@type":"SearchAction","target":{"@type":"EntryPoint","urlTemplate":"https:\/\/www.escura.com\/es\/?s={search_term_string}"},"query-input":{"@type":"PropertyValueSpecification","valueRequired":true,"valueName":"search_term_string"}}],"inLanguage":"es"},{"@type":"Organization","@id":"https:\/\/www.escura.com\/es\/#organization","name":"Escura. Abogados y economistas","url":"https:\/\/www.escura.com\/es\/","logo":{"@type":"ImageObject","inLanguage":"es","@id":"https:\/\/www.escura.com\/es\/#\/schema\/logo\/image\/","url":"","contentUrl":"","caption":"Escura. Abogados y economistas"},"image":{"@id":"https:\/\/www.escura.com\/es\/#\/schema\/logo\/image\/"},"sameAs":["https:\/\/www.facebook.com\/escura.abogados","https:\/\/x.com\/escura_abogados","https:\/\/www.instagram.com\/escura_abogados\/","https:\/\/www.linkedin.com\/company\/bufete-escura","https:\/\/www.youtube.com\/user\/BufeteEscura\/videos"]}]}},"_links":{"self":[{"href":"https:\/\/www.escura.com\/es\/wp-json\/wp\/v2\/pages\/3882","targetHints":{"allow":["GET"]}}],"collection":[{"href":"https:\/\/www.escura.com\/es\/wp-json\/wp\/v2\/pages"}],"about":[{"href":"https:\/\/www.escura.com\/es\/wp-json\/wp\/v2\/types\/page"}],"author":[{"embeddable":true,"href":"https:\/\/www.escura.com\/es\/wp-json\/wp\/v2\/users\/1"}],"replies":[{"embeddable":true,"href":"https:\/\/www.escura.com\/es\/wp-json\/wp\/v2\/comments?post=3882"}],"version-history":[{"count":31,"href":"https:\/\/www.escura.com\/es\/wp-json\/wp\/v2\/pages\/3882\/revisions"}],"predecessor-version":[{"id":58212,"href":"https:\/\/www.escura.com\/es\/wp-json\/wp\/v2\/pages\/3882\/revisions\/58212"}],"wp:attachment":[{"href":"https:\/\/www.escura.com\/es\/wp-json\/wp\/v2\/media?parent=3882"}],"curies":[{"name":"wp","href":"https:\/\/api.w.org\/{rel}","templated":true}]}}