{"id":16666,"date":"2019-01-03T09:55:57","date_gmt":"2019-01-03T08:55:57","guid":{"rendered":"https:\/\/www.escura.com\/?page_id=16666"},"modified":"2021-10-04T11:02:48","modified_gmt":"2021-10-04T09:02:48","slug":"tarjeta-premium","status":"publish","type":"page","link":"https:\/\/www.escura.com\/es\/tarjeta-premium\/","title":{"rendered":"Tarjeta Premium"},"content":{"rendered":"<p><div class=\"fusion-fullwidth fullwidth-box fusion-builder-row-1 fusion-parallax-none nonhundred-percent-fullwidth non-hundred-percent-height-scrolling\" style=\"--awb-border-radius-top-left:0px;--awb-border-radius-top-right:0px;--awb-border-radius-bottom-right:0px;--awb-border-radius-bottom-left:0px;--awb-padding-top:50px;--awb-padding-right:100px;--awb-padding-bottom:100px;--awb-padding-left:100px;--awb-background-image:url(&quot;http:\/\/www.escura.com\/wp-content\/uploads\/2019\/01\/Privilege.jpg&quot;);--awb-background-size:cover;--awb-flex-wrap:wrap;\" id=\"areas_cabecera\" ><div class=\"fusion-builder-row fusion-row\"><div class=\"fusion-layout-column fusion_builder_column fusion-builder-column-0 fusion_builder_column_2_3 2_3 fusion-two-third fusion-column-first\" style=\"--awb-bg-size:cover;width:66.666666666667%;width:calc(66.666666666667% - ( ( 4% ) * 0.66666666666667 ) );margin-right: 4%;\" id=\"area_sec_tit\"><div class=\"fusion-column-wrapper fusion-flex-column-wrapper-legacy\"><div class=\"fusion-text fusion-text-1\"><h2><span style=\"text-shadow: 1px 1px 4px #000;\">\u00bfConoce la Tarjeta PREMIUM?<br \/>\n<\/span><span style=\"text-shadow: 1px 1px 4px #000;\">Ser cliente de Escura tiene much\u00edsimas ventajas.<\/span><\/h2>\n<\/div><div class=\"fusion-button-wrapper\"><a class=\"fusion-button button-flat button-medium button-default fusion-button-default button-1 fusion-button-default-span fusion-button-default-type\" target=\"_self\" href=\"https:\/\/www.escura.com\/solicita-informacion\/\"><span class=\"fusion-button-text awb-button__text awb-button__text--default\">Solicita m\u00e1s informaci\u00f3n<\/span><\/a><\/div><div class=\"fusion-clearfix\"><\/div><\/div><\/div><\/div><\/div><div class=\"fusion-fullwidth fullwidth-box fusion-builder-row-2 nonhundred-percent-fullwidth non-hundred-percent-height-scrolling fusion-equal-height-columns\" style=\"--awb-border-radius-top-left:0px;--awb-border-radius-top-right:0px;--awb-border-radius-bottom-right:0px;--awb-border-radius-bottom-left:0px;--awb-padding-top:20px;--awb-padding-bottom:0px;--awb-margin-bottom:0px;--awb-flex-wrap:wrap;\" ><div class=\"fusion-builder-row fusion-row\"><div class=\"fusion-layout-column fusion_builder_column fusion-builder-column-1 fusion_builder_column_2_3 2_3 fusion-two-third fusion-column-first\" style=\"--awb-bg-size:cover;width:66.666666666667%;width:calc(66.666666666667% - ( ( 1% ) * 0.66666666666667 ) );margin-right: 1%;\"><div class=\"fusion-column-wrapper fusion-flex-column-wrapper-legacy\"><div class=\"fusion-builder-row fusion-builder-row-inner fusion-row\"><div class=\"fusion-layout-column fusion_builder_column_inner fusion-builder-nested-column-0 fusion_builder_column_inner_1_1 1_1 fusion-one-full fusion-column-first fusion-column-last\" style=\"--awb-padding-bottom:30px;--awb-bg-color:#ffffff;--awb-bg-color-hover:#ffffff;--awb-bg-size:cover;--awb-margin-bottom:10px;\" id=\"home_zona_corporativa\"><div class=\"fusion-column-wrapper fusion-flex-column-wrapper-legacy\"><div class=\"fusion-sep-clear\"><\/div><div class=\"fusion-separator fusion-full-width-sep\" style=\"margin-left: auto;margin-right: auto;margin-top:20px;width:100%;\"><\/div><div class=\"fusion-sep-clear\"><\/div><div class=\"fusion-text fusion-text-2\"><p>Forme parte de la <strong>Comunidad Premium<\/strong>(*) de Escura, el nuevo plan de fidelizaci\u00f3n a nuestros clientes.<\/p>\n<p>Ser cliente de <strong>Escura<\/strong> le otorga una serie de ventajas: si es usted cliente de alguno de los servicios en iguala(**) de nuestro despacho, puede acceder al resto de servicios en condiciones privilegiadas.<\/p>\n<p>Beneficios para los poseedores de la Tarjeta Premium:<\/p>\n<ul>\n<li><u>Asesor\u00eda jur\u00eddica<\/u>: Primera visita <strong>GRATIS<\/strong> en el \u00e1rea que desee.<\/li>\n<li><u>Ventajas en la contrataci\u00f3n de servicios<\/u>: con la contrataci\u00f3n de cualquier nuevo servicio de Escura, 30%(*) de <strong>DESCUENTO<\/strong>.<\/li>\n<li><u>Defensa de la morosidad<\/u>: Reclamaci\u00f3n prejudicial gratuita. Pague \u00fanicamente el coste del Burofax <strong>SIN COSTE ADICIONAL<\/strong>.<\/li>\n<li><u>Proteja a los suyos<\/u>: <strong>VENTAJAS<\/strong> aplicables tambi\u00e9n a su <strong>familia<\/strong> y <strong>empleados<\/strong>.<\/li>\n<li><u>Consultor\u00eda<\/u>: primer informe de consultor\u00eda a <strong>MITAD DE PRECIO<\/strong>.<\/li>\n<li><u>Servicios jur\u00eddicos On-line<\/u>: gu\u00edas pr\u00e1cticas y modelos de contratos <strong>DISPONIBLES ONLINE GRATUITOS<\/strong>, a trav\u00e9s de nuestra plataforma digital.<\/li>\n<li><u>Siempre al d\u00eda<\/u>: <strong>CIRCULARES<\/strong> peri\u00f3dicas <strong>GRATUITAS<\/strong> con las novedades legales para m\u00e1s relevantes para su empresa.<\/li>\n<li><u>Asistencia jur\u00eddica<\/u> telef\u00f3nica <strong>INMEDIATA<\/strong> en caso de incidencia.<\/li>\n<\/ul>\n<p><strong>\u00a0<\/strong><\/p>\n<p>(*) La Comunidad Premium es una promoci\u00f3n de Escura, y se adquiere su condici\u00f3n por ser cliente de Escura, de cualquiera de sus \u00e1reas en la modalidad de cuota o iguala o bien por la autorizaci\u00f3n expresa de BUFETE ESCURA, S.L.P. La condici\u00f3n de beneficiario es personal\u00edsima e intransferible a terceros.\u00a0Las ofertas no son acumulables ni son aplicables sobre servicios ya presupuestados.<\/p>\n<p>Escura se reserva el derecho de restringir el uso a cualquier usuario que realice un uso indebido del servicio, as\u00ed como retirar la condici\u00f3n de beneficiario a aquellos que hayan tenido acceso, no en su condici\u00f3n de cliente, sino como consecuencia de una promoci\u00f3n temporal. Las restricciones de uso no requieren previo conocimiento del usuario, puesto que son servicios prestados y no vinculados a contratos de prestaci\u00f3n de servicios concertados, sino que se trata de\u00a0 un servicio a\u00f1adido y sin contraprestaci\u00f3n. Para ser beneficiario de los servicios de la Tarjeta Premium, se deber\u00e1 estar al corriente de pago de los servicios de Escura.\u00a0No se incluyen en este documento los servicios recurrentes como n\u00f3minas o asesoramiento fiscal. Quedan excluidas operaciones societarias de car\u00e1cter especial, como fusiones, escisiones, disoluciones, liquidaciones, reequilibrios patrimoniales, as\u00ed como las operaciones jur\u00eddicas o contractuales complejas.<\/p>\n<p>(**) Son servicios de iguala mensual todos aquellos que se pagan de manera recurrente, y en especial, los servicios de Recursos Humanos, Fiscal y Contabilidad.<\/p>\n<\/div><div class=\"fusion-clearfix\"><\/div><\/div><\/div><\/div><div class=\"fusion-builder-row fusion-builder-row-inner fusion-row\"><div class=\"fusion-layout-column fusion_builder_column_inner fusion-builder-nested-column-1 fusion_builder_column_inner_1_1 1_1 fusion-one-full fusion-column-first fusion-column-last\" style=\"--awb-bg-color:#ffffff;--awb-bg-color-hover:#ffffff;--awb-bg-size:cover;--awb-margin-bottom:10px;\" id=\"area_sec_dosier\"><div class=\"fusion-column-wrapper fusion-flex-column-wrapper-legacy\">\n<div class=\"table-1\">\n<table width=\"100%\">\n<tbody>\n<tr>\n<td align=\"left\">Desc\u00e1rguese gratuitamente:<\/p>\n<p style=\"padding-left: 30px;\"><a href=\"http:\/\/www.escura.com\/wp-content\/uploads\/2019\/01\/Tarjeta-PREMIUM-ESCURA_2019.pdf\"><strong>Dossier Tarjeta Premium<\/strong><\/a><\/p>\n<\/td>\n<td align=\"left\"><\/td>\n<\/tr>\n<\/tbody>\n<\/table>\n<\/div>\n<div class=\"fusion-clearfix\"><\/div><\/div><\/div><\/div><div class=\"fusion-clearfix\"><\/div><\/div><\/div><div class=\"fusion-layout-column fusion_builder_column fusion-builder-column-2 fusion_builder_column_1_3 1_3 fusion-one-third fusion-column-last\" style=\"--awb-bg-color:#ffffff;--awb-bg-color-hover:#ffffff;--awb-bg-size:cover;width:33.333333333333%;width:calc(33.333333333333% - ( ( 1% ) * 0.33333333333333 ) );\" id=\"area_sec_col2\"><div class=\"fusion-column-wrapper fusion-flex-column-wrapper-legacy\"><div class=\"fusion-builder-row fusion-builder-row-inner fusion-row\"><div class=\"fusion-layout-column fusion_builder_column_inner fusion-builder-nested-column-2 fusion_builder_column_inner_1_1 1_1 fusion-one-full fusion-column-first fusion-column-last\" style=\"--awb-bg-image:url(&#039;http:\/\/www.escura.com\/wp-content\/uploads\/2017\/12\/000blog-cup-of-coffee.jpg&#039;);--awb-bg-size:cover;\" id=\"area_sec_blog\"><div class=\"fusion-column-wrapper fusion-flex-column-wrapper-legacy fusion-column-has-bg-image\" data-bg-url=\"http:\/\/www.escura.com\/wp-content\/uploads\/2017\/12\/000blog-cup-of-coffee.jpg\"><div class=\"fusion-title title fusion-title-1 fusion-title-text fusion-title-size-two\" style=\"--awb-margin-top-small:10px;--awb-margin-right-small:0px;--awb-margin-bottom-small:10px;--awb-margin-left-small:0px;--awb-sep-color:#ffffff;\" id=\"tit_blog_area\"><h2 class=\"fusion-title-heading title-heading-left fusion-responsive-typography-calculated\" style=\"margin:0;--fontSize:20;--minFontSize:20;line-height:1.21;\"><a href=\"https:\/\/blog.escura.com\/\">Blog Escura<\/a><\/h2><span class=\"awb-title-spacer\"><\/span><div class=\"title-sep-container\"><div class=\"title-sep sep-single sep-solid\" style=\"border-color:#ffffff;\"><\/div><\/div><\/div><div class=\"fusion-clearfix\"><\/div><\/div><\/div><\/div><div class=\"fusion-sep-clear\"><\/div><div class=\"fusion-separator fusion-full-width-sep\" style=\"margin-left: auto;margin-right: auto;margin-top:10px;width:100%;\"><\/div><div class=\"fusion-sep-clear\"><\/div><div class=\"fusion-clearfix\"><\/div><\/div><\/div><\/div><\/div><\/p>\n","protected":false},"excerpt":{"rendered":"","protected":false},"author":1,"featured_media":0,"parent":0,"menu_order":0,"comment_status":"closed","ping_status":"closed","template":"100-width.php","meta":{"footnotes":""},"class_list":["post-16666","page","type-page","status-publish","hentry"],"yoast_head":"<!-- This site is optimized with the Yoast SEO Premium plugin v26.6 (Yoast SEO v27.4) - https:\/\/yoast.com\/product\/yoast-seo-premium-wordpress\/ -->\n<title>Tarjeta Premium - Escura | Abogados y Economistas<\/title>\n<meta name=\"description\" content=\"Forme parte de la Comunidad Privilege de Escura, el nuevo plan de fidelizaci\u00f3n a nuestros clientes. Ser cliente de Escura tiene muchas ventajas.\" \/>\n<meta name=\"robots\" content=\"index, follow, max-snippet:-1, max-image-preview:large, max-video-preview:-1\" \/>\n<link rel=\"canonical\" href=\"https:\/\/www.35-181-91-225.plesk.page\/es\/tarjeta-premium\/\" \/>\n<meta property=\"og:locale\" content=\"es_ES\" \/>\n<meta property=\"og:type\" content=\"article\" \/>\n<meta property=\"og:title\" content=\"Tarjeta Premium\" \/>\n<meta property=\"og:description\" content=\"Forme parte de la Comunidad Privilege de Escura, el nuevo plan de fidelizaci\u00f3n a nuestros clientes. Ser cliente de Escura tiene muchas ventajas.\" \/>\n<meta property=\"og:url\" content=\"https:\/\/www.35-181-91-225.plesk.page\/es\/tarjeta-premium\/\" \/>\n<meta property=\"og:site_name\" content=\"Escura | Abogados y Economistas\" \/>\n<meta property=\"article:publisher\" content=\"https:\/\/www.facebook.com\/escura.abogados\" \/>\n<meta property=\"article:modified_time\" content=\"2021-10-04T09:02:48+00:00\" \/>\n<meta name=\"twitter:card\" content=\"summary_large_image\" \/>\n<meta name=\"twitter:site\" content=\"@escura_abogados\" \/>\n<meta name=\"twitter:label1\" content=\"Tiempo de lectura\" \/>\n\t<meta name=\"twitter:data1\" content=\"4 minutos\" \/>\n<script type=\"application\/ld+json\" class=\"yoast-schema-graph\">{\"@context\":\"https:\\\/\\\/schema.org\",\"@graph\":[{\"@type\":\"WebPage\",\"@id\":\"https:\\\/\\\/www.35-181-91-225.plesk.page\\\/es\\\/tarjeta-premium\\\/\",\"url\":\"https:\\\/\\\/www.35-181-91-225.plesk.page\\\/es\\\/tarjeta-premium\\\/\",\"name\":\"Tarjeta Premium - Escura | Abogados y Economistas\",\"isPartOf\":{\"@id\":\"https:\\\/\\\/www.escura.com\\\/es\\\/#website\"},\"datePublished\":\"2019-01-03T08:55:57+00:00\",\"dateModified\":\"2021-10-04T09:02:48+00:00\",\"description\":\"Forme parte de la Comunidad Privilege de Escura, el nuevo plan de fidelizaci\u00f3n a nuestros clientes. Ser cliente de Escura tiene muchas ventajas.\",\"breadcrumb\":{\"@id\":\"https:\\\/\\\/www.35-181-91-225.plesk.page\\\/es\\\/tarjeta-premium\\\/#breadcrumb\"},\"inLanguage\":\"es\",\"potentialAction\":[{\"@type\":\"ReadAction\",\"target\":[\"https:\\\/\\\/www.35-181-91-225.plesk.page\\\/es\\\/tarjeta-premium\\\/\"]}]},{\"@type\":\"BreadcrumbList\",\"@id\":\"https:\\\/\\\/www.35-181-91-225.plesk.page\\\/es\\\/tarjeta-premium\\\/#breadcrumb\",\"itemListElement\":[{\"@type\":\"ListItem\",\"position\":1,\"name\":\"Portada\",\"item\":\"https:\\\/\\\/www.escura.com\\\/es\\\/\"},{\"@type\":\"ListItem\",\"position\":2,\"name\":\"Tarjeta Premium\"}]},{\"@type\":\"WebSite\",\"@id\":\"https:\\\/\\\/www.escura.com\\\/es\\\/#website\",\"url\":\"https:\\\/\\\/www.escura.com\\\/es\\\/\",\"name\":\"Escura | Abogados y Economistas\",\"description\":\"Escura es uno de los despachos de abogados de mayor prestigio en Barcelona, Madrid y Tarragona\",\"publisher\":{\"@id\":\"https:\\\/\\\/www.escura.com\\\/es\\\/#organization\"},\"potentialAction\":[{\"@type\":\"SearchAction\",\"target\":{\"@type\":\"EntryPoint\",\"urlTemplate\":\"https:\\\/\\\/www.escura.com\\\/es\\\/?s={search_term_string}\"},\"query-input\":{\"@type\":\"PropertyValueSpecification\",\"valueRequired\":true,\"valueName\":\"search_term_string\"}}],\"inLanguage\":\"es\"},{\"@type\":\"Organization\",\"@id\":\"https:\\\/\\\/www.escura.com\\\/es\\\/#organization\",\"name\":\"Escura. Abogados y economistas\",\"url\":\"https:\\\/\\\/www.escura.com\\\/es\\\/\",\"logo\":{\"@type\":\"ImageObject\",\"inLanguage\":\"es\",\"@id\":\"https:\\\/\\\/www.escura.com\\\/es\\\/#\\\/schema\\\/logo\\\/image\\\/\",\"url\":\"\",\"contentUrl\":\"\",\"caption\":\"Escura. Abogados y economistas\"},\"image\":{\"@id\":\"https:\\\/\\\/www.escura.com\\\/es\\\/#\\\/schema\\\/logo\\\/image\\\/\"},\"sameAs\":[\"https:\\\/\\\/www.facebook.com\\\/escura.abogados\",\"https:\\\/\\\/x.com\\\/escura_abogados\",\"https:\\\/\\\/www.instagram.com\\\/escura_abogados\\\/\",\"https:\\\/\\\/www.linkedin.com\\\/company\\\/bufete-escura\",\"https:\\\/\\\/www.youtube.com\\\/user\\\/BufeteEscura\\\/videos\"]}]}<\/script>\n<!-- \/ Yoast SEO Premium plugin. -->","yoast_head_json":{"title":"Tarjeta Premium - Escura | Abogados y Economistas","description":"Forme parte de la Comunidad Privilege de Escura, el nuevo plan de fidelizaci\u00f3n a nuestros clientes. Ser cliente de Escura tiene muchas ventajas.","robots":{"index":"index","follow":"follow","max-snippet":"max-snippet:-1","max-image-preview":"max-image-preview:large","max-video-preview":"max-video-preview:-1"},"canonical":"https:\/\/www.35-181-91-225.plesk.page\/es\/tarjeta-premium\/","og_locale":"es_ES","og_type":"article","og_title":"Tarjeta Premium","og_description":"Forme parte de la Comunidad Privilege de Escura, el nuevo plan de fidelizaci\u00f3n a nuestros clientes. Ser cliente de Escura tiene muchas ventajas.","og_url":"https:\/\/www.35-181-91-225.plesk.page\/es\/tarjeta-premium\/","og_site_name":"Escura | Abogados y Economistas","article_publisher":"https:\/\/www.facebook.com\/escura.abogados","article_modified_time":"2021-10-04T09:02:48+00:00","twitter_card":"summary_large_image","twitter_site":"@escura_abogados","twitter_misc":{"Tiempo de lectura":"4 minutos"},"schema":{"@context":"https:\/\/schema.org","@graph":[{"@type":"WebPage","@id":"https:\/\/www.35-181-91-225.plesk.page\/es\/tarjeta-premium\/","url":"https:\/\/www.35-181-91-225.plesk.page\/es\/tarjeta-premium\/","name":"Tarjeta Premium - Escura | Abogados y Economistas","isPartOf":{"@id":"https:\/\/www.escura.com\/es\/#website"},"datePublished":"2019-01-03T08:55:57+00:00","dateModified":"2021-10-04T09:02:48+00:00","description":"Forme parte de la Comunidad Privilege de Escura, el nuevo plan de fidelizaci\u00f3n a nuestros clientes. Ser cliente de Escura tiene muchas ventajas.","breadcrumb":{"@id":"https:\/\/www.35-181-91-225.plesk.page\/es\/tarjeta-premium\/#breadcrumb"},"inLanguage":"es","potentialAction":[{"@type":"ReadAction","target":["https:\/\/www.35-181-91-225.plesk.page\/es\/tarjeta-premium\/"]}]},{"@type":"BreadcrumbList","@id":"https:\/\/www.35-181-91-225.plesk.page\/es\/tarjeta-premium\/#breadcrumb","itemListElement":[{"@type":"ListItem","position":1,"name":"Portada","item":"https:\/\/www.escura.com\/es\/"},{"@type":"ListItem","position":2,"name":"Tarjeta Premium"}]},{"@type":"WebSite","@id":"https:\/\/www.escura.com\/es\/#website","url":"https:\/\/www.escura.com\/es\/","name":"Escura | Abogados y Economistas","description":"Escura es uno de los despachos de abogados de mayor prestigio en Barcelona, Madrid y Tarragona","publisher":{"@id":"https:\/\/www.escura.com\/es\/#organization"},"potentialAction":[{"@type":"SearchAction","target":{"@type":"EntryPoint","urlTemplate":"https:\/\/www.escura.com\/es\/?s={search_term_string}"},"query-input":{"@type":"PropertyValueSpecification","valueRequired":true,"valueName":"search_term_string"}}],"inLanguage":"es"},{"@type":"Organization","@id":"https:\/\/www.escura.com\/es\/#organization","name":"Escura. Abogados y economistas","url":"https:\/\/www.escura.com\/es\/","logo":{"@type":"ImageObject","inLanguage":"es","@id":"https:\/\/www.escura.com\/es\/#\/schema\/logo\/image\/","url":"","contentUrl":"","caption":"Escura. Abogados y economistas"},"image":{"@id":"https:\/\/www.escura.com\/es\/#\/schema\/logo\/image\/"},"sameAs":["https:\/\/www.facebook.com\/escura.abogados","https:\/\/x.com\/escura_abogados","https:\/\/www.instagram.com\/escura_abogados\/","https:\/\/www.linkedin.com\/company\/bufete-escura","https:\/\/www.youtube.com\/user\/BufeteEscura\/videos"]}]}},"_links":{"self":[{"href":"https:\/\/www.escura.com\/es\/wp-json\/wp\/v2\/pages\/16666","targetHints":{"allow":["GET"]}}],"collection":[{"href":"https:\/\/www.escura.com\/es\/wp-json\/wp\/v2\/pages"}],"about":[{"href":"https:\/\/www.escura.com\/es\/wp-json\/wp\/v2\/types\/page"}],"author":[{"embeddable":true,"href":"https:\/\/www.escura.com\/es\/wp-json\/wp\/v2\/users\/1"}],"replies":[{"embeddable":true,"href":"https:\/\/www.escura.com\/es\/wp-json\/wp\/v2\/comments?post=16666"}],"version-history":[{"count":19,"href":"https:\/\/www.escura.com\/es\/wp-json\/wp\/v2\/pages\/16666\/revisions"}],"predecessor-version":[{"id":26639,"href":"https:\/\/www.escura.com\/es\/wp-json\/wp\/v2\/pages\/16666\/revisions\/26639"}],"wp:attachment":[{"href":"https:\/\/www.escura.com\/es\/wp-json\/wp\/v2\/media?parent=16666"}],"curies":[{"name":"wp","href":"https:\/\/api.w.org\/{rel}","templated":true}]}}