{"id":10192,"date":"2017-08-07T08:31:00","date_gmt":"2017-08-07T08:31:00","guid":{"rendered":"https:\/\/www.escura.com\/?page_id=10192\/"},"modified":"2019-06-05T10:56:49","modified_gmt":"2019-06-05T08:56:49","slug":"limitacion-de-responsabilidad","status":"publish","type":"page","link":"https:\/\/www.escura.com\/es\/limitacion-de-responsabilidad\/","title":{"rendered":"Limitaci\u00f3n de responsabilidad Bufete Escura, S.L.P"},"content":{"rendered":"<div class=\"fusion-fullwidth fullwidth-box fusion-builder-row-1 nonhundred-percent-fullwidth non-hundred-percent-height-scrolling\" style=\"--awb-border-radius-top-left:0px;--awb-border-radius-top-right:0px;--awb-border-radius-bottom-right:0px;--awb-border-radius-bottom-left:0px;--awb-padding-top:20px;--awb-padding-bottom:20px;--awb-flex-wrap:wrap;\" ><div class=\"fusion-builder-row fusion-row\"><div class=\"fusion-layout-column fusion_builder_column fusion-builder-column-0 fusion_builder_column_1_1 1_1 fusion-one-full fusion-column-first fusion-column-last\" style=\"--awb-padding-top:30px;--awb-padding-right:30px;--awb-padding-bottom:30px;--awb-padding-left:30px;--awb-bg-color:#ffffff;--awb-bg-color-hover:#ffffff;--awb-bg-size:cover;\"><div class=\"fusion-column-wrapper fusion-flex-column-wrapper-legacy\"><div class=\"fusion-text fusion-text-1\"><p>En ning\u00fan caso <strong>Bufete Escura, S.L.P.<\/strong>, sus suministradores o los dem\u00e1s terceros mencionados en este sitio web ser\u00e1n responsables por da\u00f1os de cualquier tipo (incluyendo, entre otros, los da\u00f1os resultantes de p\u00e9rdidas de beneficios, p\u00e9rdida de datos o interrupci\u00f3n de negocio) que resulten del uso, imposibilidad de uso o de los resultados del uso de este sitio web, cualquier sitio web conectado a \u00e9ste o de los contenidos o informaci\u00f3n contenida en cualesquiera de dichos sitios web, ya se base dicha responsabilidad en garant\u00eda, contrato, culpa o negligencia, o cualquier otra teor\u00eda legal, y con independencia de que se haya avisado o no sobre la posibilidad de tales da\u00f1os.La informaci\u00f3n publicada en este sitio web puede no ser exhaustiva y puede estar sujeta a modificaciones. El prestador no asume la obligaci\u00f3n de actualizar la informaci\u00f3n contenida en este sitio web. El prestador se exime de cualquier tipo de responsabilidad derivada de la informaci\u00f3n publicada en su sitio web, siempre que esta informaci\u00f3n haya sido manipulada o introducida por un tercero ajeno al mismo. Desde el sitio web del prestador es posible que se redirija a contenidos de terceros sitios web y dado que el prestador no puede controlar siempre los contenidos introducidos por los terceros en sus sitios web, \u00e9ste no asume ning\u00fan tipo de responsabilidad respecto a dichos contenidos.<\/p>\n<p>No obstante, en cumplimiento de lo dispuesto en el art. 11 y 16 de la LSSI-CE, el prestador se pone a disposici\u00f3n de todos los usuarios, autoridades y fuerzas de seguridad, y colaborando de forma activa en la retirada o en su caso bloqueo de todos aquellos contenidos que pudieran afectar o contravenir la legislaci\u00f3n nacional, o internacional, derechos de terceros o la moral y el orden p\u00fablico. En caso de que el usuario considere que existe en el sitio web alg\u00fan contenido que pudiera ser susceptible de esta clasificaci\u00f3n, se ruega lo notifique de forma inmediata al prestador a trav\u00e9s de los datos de contacto facilitados en el encabezado de este documento.<\/p>\n<\/div><div class=\"fusion-clearfix\"><\/div><\/div><\/div><\/div><\/div>\n","protected":false},"excerpt":{"rendered":"","protected":false},"author":2,"featured_media":0,"parent":0,"menu_order":0,"comment_status":"closed","ping_status":"closed","template":"","meta":{"footnotes":""},"class_list":["post-10192","page","type-page","status-publish","hentry"],"yoast_head":"<!-- This site is optimized with the Yoast SEO Premium plugin v26.6 (Yoast SEO v27.3) - https:\/\/yoast.com\/product\/yoast-seo-premium-wordpress\/ -->\n<title>Limitaci\u00f3n de responsabilidad Bufete Escura, S.L.P<\/title>\n<meta name=\"description\" content=\"Limitacion de responsabilidad - Escura. Abogados y Economistas en Barcelona Madrid y Tarragona\" \/>\n<meta name=\"robots\" content=\"index, follow, max-snippet:-1, max-image-preview:large, max-video-preview:-1\" \/>\n<link rel=\"canonical\" href=\"https:\/\/www.35-181-91-225.plesk.page\/es\/limitacion-de-responsabilidad\/\" \/>\n<meta property=\"og:locale\" content=\"es_ES\" \/>\n<meta property=\"og:type\" content=\"article\" \/>\n<meta property=\"og:title\" content=\"Limitaci\u00f3n de responsabilidad Bufete Escura, S.L.P\" \/>\n<meta property=\"og:description\" content=\"Limitacion de responsabilidad - Escura. Abogados y Economistas en Barcelona Madrid y Tarragona\" \/>\n<meta property=\"og:url\" content=\"https:\/\/www.35-181-91-225.plesk.page\/es\/limitacion-de-responsabilidad\/\" \/>\n<meta property=\"og:site_name\" content=\"Escura | Abogados y Economistas\" \/>\n<meta property=\"article:publisher\" content=\"https:\/\/www.facebook.com\/escura.abogados\" \/>\n<meta property=\"article:modified_time\" content=\"2019-06-05T08:56:49+00:00\" \/>\n<meta name=\"twitter:card\" content=\"summary_large_image\" \/>\n<meta name=\"twitter:site\" content=\"@escura_abogados\" \/>\n<meta name=\"twitter:label1\" content=\"Tiempo de lectura\" \/>\n\t<meta name=\"twitter:data1\" content=\"2 minutos\" \/>\n<script type=\"application\/ld+json\" class=\"yoast-schema-graph\">{\"@context\":\"https:\\\/\\\/schema.org\",\"@graph\":[{\"@type\":\"WebPage\",\"@id\":\"https:\\\/\\\/www.35-181-91-225.plesk.page\\\/es\\\/limitacion-de-responsabilidad\\\/\",\"url\":\"https:\\\/\\\/www.35-181-91-225.plesk.page\\\/es\\\/limitacion-de-responsabilidad\\\/\",\"name\":\"Limitaci\u00f3n de responsabilidad Bufete Escura, S.L.P\",\"isPartOf\":{\"@id\":\"https:\\\/\\\/www.35-181-91-225.plesk.page\\\/es\\\/#website\"},\"datePublished\":\"2017-08-07T08:31:00+00:00\",\"dateModified\":\"2019-06-05T08:56:49+00:00\",\"description\":\"Limitacion de responsabilidad - Escura. Abogados y Economistas en Barcelona Madrid y Tarragona\",\"breadcrumb\":{\"@id\":\"https:\\\/\\\/www.35-181-91-225.plesk.page\\\/es\\\/limitacion-de-responsabilidad\\\/#breadcrumb\"},\"inLanguage\":\"es\",\"potentialAction\":[{\"@type\":\"ReadAction\",\"target\":[\"https:\\\/\\\/www.35-181-91-225.plesk.page\\\/es\\\/limitacion-de-responsabilidad\\\/\"]}]},{\"@type\":\"BreadcrumbList\",\"@id\":\"https:\\\/\\\/www.35-181-91-225.plesk.page\\\/es\\\/limitacion-de-responsabilidad\\\/#breadcrumb\",\"itemListElement\":[{\"@type\":\"ListItem\",\"position\":1,\"name\":\"Portada\",\"item\":\"https:\\\/\\\/www.35-181-91-225.plesk.page\\\/es\\\/\"},{\"@type\":\"ListItem\",\"position\":2,\"name\":\"Limitaci\u00f3n de responsabilidad Bufete Escura, S.L.P\"}]},{\"@type\":\"WebSite\",\"@id\":\"https:\\\/\\\/www.35-181-91-225.plesk.page\\\/es\\\/#website\",\"url\":\"https:\\\/\\\/www.35-181-91-225.plesk.page\\\/es\\\/\",\"name\":\"Escura | Abogados y Economistas\",\"description\":\"Escura es uno de los despachos de abogados de mayor prestigio en Barcelona, Madrid y Tarragona\",\"publisher\":{\"@id\":\"https:\\\/\\\/www.35-181-91-225.plesk.page\\\/es\\\/#organization\"},\"potentialAction\":[{\"@type\":\"SearchAction\",\"target\":{\"@type\":\"EntryPoint\",\"urlTemplate\":\"https:\\\/\\\/www.35-181-91-225.plesk.page\\\/es\\\/?s={search_term_string}\"},\"query-input\":{\"@type\":\"PropertyValueSpecification\",\"valueRequired\":true,\"valueName\":\"search_term_string\"}}],\"inLanguage\":\"es\"},{\"@type\":\"Organization\",\"@id\":\"https:\\\/\\\/www.35-181-91-225.plesk.page\\\/es\\\/#organization\",\"name\":\"Escura. Abogados y economistas\",\"url\":\"https:\\\/\\\/www.35-181-91-225.plesk.page\\\/es\\\/\",\"logo\":{\"@type\":\"ImageObject\",\"inLanguage\":\"es\",\"@id\":\"https:\\\/\\\/www.35-181-91-225.plesk.page\\\/es\\\/#\\\/schema\\\/logo\\\/image\\\/\",\"url\":\"\",\"contentUrl\":\"\",\"caption\":\"Escura. Abogados y economistas\"},\"image\":{\"@id\":\"https:\\\/\\\/www.35-181-91-225.plesk.page\\\/es\\\/#\\\/schema\\\/logo\\\/image\\\/\"},\"sameAs\":[\"https:\\\/\\\/www.facebook.com\\\/escura.abogados\",\"https:\\\/\\\/x.com\\\/escura_abogados\",\"https:\\\/\\\/www.instagram.com\\\/escura_abogados\\\/\",\"https:\\\/\\\/www.linkedin.com\\\/company\\\/bufete-escura\",\"https:\\\/\\\/www.youtube.com\\\/user\\\/BufeteEscura\\\/videos\"]}]}<\/script>\n<!-- \/ Yoast SEO Premium plugin. -->","yoast_head_json":{"title":"Limitaci\u00f3n de responsabilidad Bufete Escura, S.L.P","description":"Limitacion de responsabilidad - Escura. Abogados y Economistas en Barcelona Madrid y Tarragona","robots":{"index":"index","follow":"follow","max-snippet":"max-snippet:-1","max-image-preview":"max-image-preview:large","max-video-preview":"max-video-preview:-1"},"canonical":"https:\/\/www.35-181-91-225.plesk.page\/es\/limitacion-de-responsabilidad\/","og_locale":"es_ES","og_type":"article","og_title":"Limitaci\u00f3n de responsabilidad Bufete Escura, S.L.P","og_description":"Limitacion de responsabilidad - Escura. Abogados y Economistas en Barcelona Madrid y Tarragona","og_url":"https:\/\/www.35-181-91-225.plesk.page\/es\/limitacion-de-responsabilidad\/","og_site_name":"Escura | Abogados y Economistas","article_publisher":"https:\/\/www.facebook.com\/escura.abogados","article_modified_time":"2019-06-05T08:56:49+00:00","twitter_card":"summary_large_image","twitter_site":"@escura_abogados","twitter_misc":{"Tiempo de lectura":"2 minutos"},"schema":{"@context":"https:\/\/schema.org","@graph":[{"@type":"WebPage","@id":"https:\/\/www.35-181-91-225.plesk.page\/es\/limitacion-de-responsabilidad\/","url":"https:\/\/www.35-181-91-225.plesk.page\/es\/limitacion-de-responsabilidad\/","name":"Limitaci\u00f3n de responsabilidad Bufete Escura, S.L.P","isPartOf":{"@id":"https:\/\/www.35-181-91-225.plesk.page\/es\/#website"},"datePublished":"2017-08-07T08:31:00+00:00","dateModified":"2019-06-05T08:56:49+00:00","description":"Limitacion de responsabilidad - Escura. Abogados y Economistas en Barcelona Madrid y Tarragona","breadcrumb":{"@id":"https:\/\/www.35-181-91-225.plesk.page\/es\/limitacion-de-responsabilidad\/#breadcrumb"},"inLanguage":"es","potentialAction":[{"@type":"ReadAction","target":["https:\/\/www.35-181-91-225.plesk.page\/es\/limitacion-de-responsabilidad\/"]}]},{"@type":"BreadcrumbList","@id":"https:\/\/www.35-181-91-225.plesk.page\/es\/limitacion-de-responsabilidad\/#breadcrumb","itemListElement":[{"@type":"ListItem","position":1,"name":"Portada","item":"https:\/\/www.35-181-91-225.plesk.page\/es\/"},{"@type":"ListItem","position":2,"name":"Limitaci\u00f3n de responsabilidad Bufete Escura, S.L.P"}]},{"@type":"WebSite","@id":"https:\/\/www.35-181-91-225.plesk.page\/es\/#website","url":"https:\/\/www.35-181-91-225.plesk.page\/es\/","name":"Escura | Abogados y Economistas","description":"Escura es uno de los despachos de abogados de mayor prestigio en Barcelona, Madrid y Tarragona","publisher":{"@id":"https:\/\/www.35-181-91-225.plesk.page\/es\/#organization"},"potentialAction":[{"@type":"SearchAction","target":{"@type":"EntryPoint","urlTemplate":"https:\/\/www.35-181-91-225.plesk.page\/es\/?s={search_term_string}"},"query-input":{"@type":"PropertyValueSpecification","valueRequired":true,"valueName":"search_term_string"}}],"inLanguage":"es"},{"@type":"Organization","@id":"https:\/\/www.35-181-91-225.plesk.page\/es\/#organization","name":"Escura. Abogados y economistas","url":"https:\/\/www.35-181-91-225.plesk.page\/es\/","logo":{"@type":"ImageObject","inLanguage":"es","@id":"https:\/\/www.35-181-91-225.plesk.page\/es\/#\/schema\/logo\/image\/","url":"","contentUrl":"","caption":"Escura. Abogados y economistas"},"image":{"@id":"https:\/\/www.35-181-91-225.plesk.page\/es\/#\/schema\/logo\/image\/"},"sameAs":["https:\/\/www.facebook.com\/escura.abogados","https:\/\/x.com\/escura_abogados","https:\/\/www.instagram.com\/escura_abogados\/","https:\/\/www.linkedin.com\/company\/bufete-escura","https:\/\/www.youtube.com\/user\/BufeteEscura\/videos"]}]}},"_links":{"self":[{"href":"https:\/\/www.escura.com\/es\/wp-json\/wp\/v2\/pages\/10192","targetHints":{"allow":["GET"]}}],"collection":[{"href":"https:\/\/www.escura.com\/es\/wp-json\/wp\/v2\/pages"}],"about":[{"href":"https:\/\/www.escura.com\/es\/wp-json\/wp\/v2\/types\/page"}],"author":[{"embeddable":true,"href":"https:\/\/www.escura.com\/es\/wp-json\/wp\/v2\/users\/2"}],"replies":[{"embeddable":true,"href":"https:\/\/www.escura.com\/es\/wp-json\/wp\/v2\/comments?post=10192"}],"version-history":[{"count":4,"href":"https:\/\/www.escura.com\/es\/wp-json\/wp\/v2\/pages\/10192\/revisions"}],"predecessor-version":[{"id":19477,"href":"https:\/\/www.escura.com\/es\/wp-json\/wp\/v2\/pages\/10192\/revisions\/19477"}],"wp:attachment":[{"href":"https:\/\/www.escura.com\/es\/wp-json\/wp\/v2\/media?parent=10192"}],"curies":[{"name":"wp","href":"https:\/\/api.w.org\/{rel}","templated":true}]}}