{"id":8848,"date":"2017-03-30T09:22:15","date_gmt":"2017-03-30T09:22:15","guid":{"rendered":"https:\/\/www.escura.com\/?page_id=8848\/"},"modified":"2017-03-30T09:22:15","modified_gmt":"2017-03-30T09:22:15","slug":"terms-of-use","status":"publish","type":"page","link":"https:\/\/www.escura.com\/en\/terms-of-use\/","title":{"rendered":"Terms of use"},"content":{"rendered":"<div class=\"fusion-fullwidth fullwidth-box fusion-builder-row-1 nonhundred-percent-fullwidth non-hundred-percent-height-scrolling\" style=\"--awb-border-radius-top-left:0px;--awb-border-radius-top-right:0px;--awb-border-radius-bottom-right:0px;--awb-border-radius-bottom-left:0px;--awb-padding-top:30px;--awb-padding-right:30px;--awb-padding-bottom:30px;--awb-padding-left:30px;--awb-background-color:#ffffff;--awb-flex-wrap:wrap;\" ><div class=\"fusion-builder-row fusion-row\"><div class=\"fusion-layout-column fusion_builder_column fusion-builder-column-0 fusion_builder_column_1_1 1_1 fusion-one-full fusion-column-first fusion-column-last\" style=\"--awb-bg-size:cover;\"><div class=\"fusion-column-wrapper fusion-flex-column-wrapper-legacy\"><div class=\"fusion-text fusion-text-1\"><h2 class=\"h1-enlaces\">Condiciones de uso de este website y restricciones legales<\/h2>\n<\/div><div class=\"fusion-text fusion-text-2\"><h3><strong>AVISO LEGAL<\/strong><br \/>\nATENCION: POR FAVOR, LEA DETENIDAMENTE ESTAS CONDICIONES ANTES DE UTILIZAR ESTE WEB SITE https:\/\/www.escura.com. LA UTILIZACI\u00d3N DEL MISMO SE ENTENDER\u00c1 COMO UNA ACEPTACI\u00d3N DE ESTAS CONDICIONES. NO UTILICE ESTE WEB SITE EN CASO DE NO ACEPTAR TALES CONDICIONES.<\/h3>\n<\/div><div class=\"fusion-sep-clear\"><\/div><div class=\"fusion-separator fusion-full-width-sep\" style=\"margin-left: auto;margin-right: auto;margin-top:10px;margin-bottom:30px;width:100%;\"><div class=\"fusion-separator-border sep-single sep-solid\" style=\"--awb-height:20px;--awb-amount:20px;border-color:#e0dede;border-top-width:1px;\"><\/div><\/div><div class=\"fusion-sep-clear\"><\/div><div class=\"fusion-text fusion-text-3\"><h3>1. Informaci\u00f3n general<\/h3>\n<p>Prestador del servicio: BUFETE ESCURA, S.L.P.<br \/>\nDomicilio Social: C\/ Londres, 43 Bajos (08029) BARCELONA<br \/>\nNIF: B-61.534.004<br \/>\nTel\u00e9fono: 93 494 01 31<br \/>\nMail: escura@escura.com<br \/>\nInscripci\u00f3n: Inscrita en el Registro Mercantil de Barcelona, Tomo 30317, Folio 11, Secci\u00f3n GENERAL.<br \/>\nNombre de dominio: www.escura.com<\/p>\n<h3>2. Objeto y definiciones<\/h3>\n<p>BUFETE ESCURA, S.L. (en adelante el prestador), titular del dominio escura.com (en adelante el sitio web) pone a disposici\u00f3n de los usuarios el presente documento con el que pretende dar cumplimiento a las obligaciones dispuestas en la Ley 34\/2002, de Servicios de la Sociedad de la Informaci\u00f3n y del Comercio Electr\u00f3nico (en adelante LSSI-CE) entre otra normativa vigente, as\u00ed como informar a todos los usuarios de las condiciones de uso del sitio web y pol\u00edtica de privacidad.<\/p>\n<p>Toda persona que acceda a este sitio web asume el papel de usuario, comprometi\u00e9ndose a la observancia y cumplimiento riguroso de las disposiciones aqu\u00ed dispuestas, as\u00ed como a cualesquiera otra disposici\u00f3n legal que fuera de aplicaci\u00f3n.<\/p>\n<p>El prestador se reserva el derecho a modificar cualquier tipo de informaci\u00f3n que pudiera aparecer en el sitio web, sin que exista obligaci\u00f3n de preavisar o poner en conocimiento de los usuarios, entendi\u00e9ndose como suficiente con la publicaci\u00f3n en el sitio web del prestador.<\/p>\n<h3>3. Responsabilidad<\/h3>\n<p>En ning\u00fan caso Bufete Escura, sus suministradores o los dem\u00e1s terceros mencionados en este sitio web ser\u00e1n responsables por da\u00f1os de cualquier tipo (incluyendo, entre otros, los da\u00f1os resultantes de p\u00e9rdidas de beneficios, p\u00e9rdida de datos o interrupci\u00f3n de negocio) que resulten del uso, imposibilidad de uso o de los resultados del uso de este sitio web, cualquier sitio web conectado a \u00e9ste o de los contenidos o informaci\u00f3n contenida en cualesquiera de dichos sitios web, ya se base dicha responsabilidad en garant\u00eda, contrato, culpa o negligencia, o cualquier otra teor\u00eda legal, y con independencia de que se haya avisado o no sobre la posibilidad de tales da\u00f1os.<\/p>\n<p>La informaci\u00f3n publicada en este sitio web puede no ser exhaustiva y puede estar sujeta a modificaciones. El prestador no asume la obligaci\u00f3n de actualizar la informaci\u00f3n contenida en este sitio web. El prestador se exime de cualquier tipo de responsabilidad derivada de la informaci\u00f3n publicada en su sitio web, siempre que esta informaci\u00f3n haya sido manipulada o introducida por un tercero ajeno al mismo. Desde el sitio web del prestador es posible que se redirija a contenidos de terceros sitios web y dado que el prestador no puede controlar siempre los contenidos introducidos por los terceros en sus sitios web, \u00e9ste no asume ning\u00fan tipo de responsabilidad respecto a dichos contenidos.<\/p>\n<p>No obstante, en cumplimiento de lo dispuesto en el art. 11 y 16 de la LSSI-CE, el prestador se pone a disposici\u00f3n de todos los usuarios, autoridades y fuerzas de seguridad, y colaborando de forma activa en la retirada o en su caso bloqueo de todos aquellos contenidos que pudieran afectar o contravenir la legislaci\u00f3n nacional, o internacional, derechos de terceros o la moral y el orden p\u00fablico. En caso de que el usuario considere que existe en el sitio web alg\u00fan contenido que pudiera ser susceptible de esta clasificaci\u00f3n, se ruega lo notifique de forma inmediata al prestador a trav\u00e9s de los datos de contacto facilitados en el encabezado de este documento.<\/p>\n<h3>4. Propiedad Intelectual e Industrial<\/h3>\n<p>El sitio web, incluyendo a t\u00edtulo enunciativo pero no limitativo; su programaci\u00f3n, edici\u00f3n, compilaci\u00f3n y dem\u00e1s elementos necesarios para su funcionamiento, los dise\u00f1os, logotipos, texto y\/o gr\u00e1ficos son propiedad del prestador o en su caso dispone de licencia o autorizaci\u00f3n expresa por parte de los autores. Todos los contenidos del sitio web se encuentran debidamente protegidos por la normativa de propiedad intelectual e industrial, as\u00ed como inscritos en los registros p\u00fablicos correspondientes.<\/p>\n<p>La reproducci\u00f3n total o parcial, uso, explotaci\u00f3n, distribuci\u00f3n y comercializaci\u00f3n, requiere en todo caso de la autorizaci\u00f3n escrita previa por parte del prestador. Cualquier uso no autorizado previamente por parte del prestador ser\u00e1 considerado un incumplimiento grave de los derechos de propiedad intelectual o industrial del autor.<\/p>\n<p>Los dise\u00f1os, logotipos, texto y\/o gr\u00e1ficos ajenos al prestador y que pudieran aparecer en el sitio web, pertenecen a sus respectivos propietarios, siendo ellos mismos responsables de cualquier posible controversia que pudiera suscitarse respecto a los mismos. En todo caso, el prestador cuenta con la autorizaci\u00f3n expresa y previa por parte de los mismos.<\/p>\n<p>El prestador reconoce a favor de sus titulares los correspondientes derechos de propiedad industrial e intelectual, no implicando su sola menci\u00f3n o aparici\u00f3n en el sitio web la existencia de derechos o responsabilidad alguna del prestador sobre los mismos, como tampoco respaldo, patrocinio o recomendaci\u00f3n por parte del mismo.<\/p>\n<p>Para realizar cualquier tipo de observaci\u00f3n respecto a posibles incumplimientos de los derechos de propiedad intelectual o industrial, as\u00ed como sobre cualquiera de los contenidos del sitio web, puede hacerlo a trav\u00e9s del contacto que se facilita en el encabezado de este documento.<\/p>\n<h3>5. Funcionalidad del sitio web<\/h3>\n<p>El sitio web del prestador puede utilizar cookies (peque\u00f1os archivos de informaci\u00f3n que el servidor env\u00eda al ordenador de quien accede a la p\u00e1gina) para llevar a cabo determinadas funciones que son consideradas imprescindibles para el correcto funcionamiento y visualizaci\u00f3n del sitio. El usuario acepta el uso de cookies y seguimientos de IPs. Nuestro analizador de tr\u00e1fico del site utiliza cookies y seguimientos de IPs que nos permiten recoger datos a efectos estad\u00edsticos como: fecha de la primera visita, n\u00famero de veces que se ha visitado, fecha de la \u00faltima visita, URL y dominio de la que proviene, explorador utilizado y resoluci\u00f3n de la pantalla. No obstante, el usuario si lo desea puede desactivar y\/o eliminar estas cookies siguiendo las instrucciones de su navegador de Internet.<\/p>\n<p>Este sitio web ha sido revisado y probado para que funcione correctamente. En principio, puede garantizarse el correcto funcionamiento los 365 d\u00edas del a\u00f1o, 24 horas al d\u00eda. No obstante, el prestador no descarta la posibilidad de que existan ciertos errores de programaci\u00f3n, o que acontezcan causas de fuerza mayor, cat\u00e1strofes naturales, huelgas, o circunstancias semejantes que hagan imposible el acceso a la p\u00e1gina web.<\/p>\n<p>El usuario garantiza que no realizar\u00e1 accesos o interferencias a este sitio web mediante software robots, ara\u00f1a, rutina o cualquier sistema autom\u00e1tico o semiautom\u00e1tico para monitorizar, copiar o descargar su contenido para otro prop\u00f3sito no autorizado<\/p>\n<p>El prestador no utiliza t\u00e9cnicas de &#8220;spamming&#8221; y \u00fanicamente tratar\u00e1 los datos que el usuario transmita mediante el formulario electr\u00f3nico habilitado en este sitio web o mensajes de correo electr\u00f3nico.<\/p>\n<h3>6. Directrices para Implementar Conexiones al sitio web escura.com<\/h3>\n<p>Por favor, lea y cumpla las siguientes directrices en caso de querer implementar una conexi\u00f3n (link) al presente sitio web<\/p>\n<p>&#8211; Un sitio web de terceros conectado al sitio web de BUFETE ESCURA:<br \/>\n&#8211; Puede conectarse al contenido de BUFETE ESCURA, pero no duplicarlo.<br \/>\n&#8211; No debe crear un entorno de buscador o con marcos alrededor del contenido de BUFETE ESCURA.<br \/>\n&#8211; No debe sugerir impl\u00edcita o expl\u00edcitamente que BUFETE ESCURA respalda el web site del tercero o los productos que aparecen en el mismo.<br \/>\n&#8211; No debe realizar falsas declaraciones sobre la relaci\u00f3n entre el web site del tercero y BUFETE ESCURA.<br \/>\n&#8211; No debe presentar informaci\u00f3n falsa o enga\u00f1osa sobre los productos o servicios de BUFETE ESCURA.<br \/>\n&#8211; No debe incluir el logotipo de BUFETE ESCURA sin la autorizaci\u00f3n previa de BUFETE ESCURA.<br \/>\n&#8211; No debe incluir contenidos que puedan considerarse desagradables, ofensivos o controvertidos, y debe incluir \u00fanicamente contenidos que sean apropiados para personas de cualquier edad.<\/p>\n<h3>7. Pol\u00edtica de Privacidad<\/h3>\n<p>En cumplimiento de la Ley Org\u00e1nica 15\/1999, de 13 de diciembre, de Protecci\u00f3n de Datos de Car\u00e1cter Personal, el prestador informa de que los datos de car\u00e1cter personal que se faciliten desde los distintos apartados y formas de contacto de este sitio web (formulario, mail, etc.), se tratar\u00e1n con la finalidad de dar respuesta a consultas, gestionar solicitudes de compra y, en su caso, facilitarle informaci\u00f3n de su inter\u00e9s sobre nuestros servicios y productos.<\/p>\n<p>El prestador le informa de que tiene sus ficheros debidamente declarados ante el Registro General de la Agencia Espa\u00f1ola de Protecci\u00f3n de Datos y cumple con las medidas de seguridad establecidas en el Real Decreto 1720\/2007, de 21 de diciembre de desarrollo de la Ley Org\u00e1nica 15\/1999.<\/p>\n<p>Usted dispone en todo momento de la posibilidad de ejercer los derechos de acceso, rectificaci\u00f3n, cancelaci\u00f3n y oposici\u00f3n, mediante correo postal o electr\u00f3nico, indicando como referencia en el sobre o en el asunto del correo electr\u00f3nico &#8220;PROTECCI\u00d3N DE DATOS&#8221;, en las direcciones especificadas en el encabezado del presente documento.<\/p>\n<p>Igualmente le informamos que de conformidad con lo establecido en el art\u00edculo 21 de la Ley 34\/2002, de 11 de julio, de servicios de la sociedad de la informaci\u00f3n y de comercio electr\u00f3nico, mediante la aceptaci\u00f3n de la casilla de suscripci\u00f3n a nuestro bolet\u00edn, las inclusiones a nuestro mailist o mediante la aceptaci\u00f3n de este aviso legal, nos est\u00e1 expresamente autorizando para que le enviemos comunicaciones publicitarias o promocionales por correo electr\u00f3nico. Como destinatario de dichas comunicaciones, el usuario tiene el derecho de revocar este consentimiento, en cualquier momento, con la simple notificaci\u00f3n de dicha voluntad mediante correo postal o electr\u00f3nico, a trav\u00e9s de las direcciones arriba se\u00f1aladas, indicando como referencia en el sobre o en el asunto del correo electr\u00f3nico &#8220;BAJA CORREO ELECTR\u00d3NICO&#8221;.<\/p>\n<h3>8. Ley aplicable y jurisdicci\u00f3n<\/h3>\n<p>Estas condiciones se regir\u00e1n e interpretar\u00e1n conforme a la legislaci\u00f3n espa\u00f1ola. Para la resoluci\u00f3n de todas las controversias o cuestiones relacionadas con el presente sitio web o de las actividades en \u00e9l desarrolladas, ser\u00e1 de aplicaci\u00f3n la legislaci\u00f3n espa\u00f1ola, a la que se someten expresamente las partes, siendo competentes para la resoluci\u00f3n de todos los conflictos derivados o relacionados con su uso los Juzgados y Tribunales de Barcelona. No obstante, ser\u00e1 obligatorio que en caso de conflicto las partes intenten previamente resolver la cuesti\u00f3n de mutuo acuerdo.<\/p>\n<\/div><div class=\"fusion-clearfix\"><\/div><\/div><\/div><\/div><\/div>\n","protected":false},"excerpt":{"rendered":"","protected":false},"author":2,"featured_media":0,"parent":0,"menu_order":0,"comment_status":"closed","ping_status":"closed","template":"","meta":{"footnotes":""},"class_list":["post-8848","page","type-page","status-publish","hentry"],"yoast_head":"<!-- This site is optimized with the Yoast SEO Premium plugin v26.6 (Yoast SEO v27.4) - https:\/\/yoast.com\/product\/yoast-seo-premium-wordpress\/ -->\n<title>Terms of use - Escura | Abogados y Economistas<\/title>\n<meta name=\"robots\" content=\"index, follow, max-snippet:-1, max-image-preview:large, max-video-preview:-1\" \/>\n<link rel=\"canonical\" href=\"https:\/\/www.escura.com\/en\/terms-of-use\/\" \/>\n<meta property=\"og:locale\" content=\"en_US\" \/>\n<meta property=\"og:type\" content=\"article\" \/>\n<meta property=\"og:title\" content=\"Terms of use\" \/>\n<meta property=\"og:url\" content=\"https:\/\/www.escura.com\/en\/terms-of-use\/\" \/>\n<meta property=\"og:site_name\" content=\"Escura | Abogados y Economistas\" \/>\n<meta property=\"article:publisher\" content=\"https:\/\/www.facebook.com\/escura.abogados\" \/>\n<meta name=\"twitter:card\" content=\"summary_large_image\" \/>\n<meta name=\"twitter:site\" content=\"@escura_abogados\" \/>\n<meta name=\"twitter:label1\" content=\"Est. reading time\" \/>\n\t<meta name=\"twitter:data1\" content=\"10 minutes\" \/>\n<script type=\"application\/ld+json\" class=\"yoast-schema-graph\">{\"@context\":\"https:\\\/\\\/schema.org\",\"@graph\":[{\"@type\":\"WebPage\",\"@id\":\"https:\\\/\\\/www.escura.com\\\/en\\\/terms-of-use\\\/\",\"url\":\"https:\\\/\\\/www.escura.com\\\/en\\\/terms-of-use\\\/\",\"name\":\"Terms of use - Escura | Abogados y Economistas\",\"isPartOf\":{\"@id\":\"https:\\\/\\\/www.escura.com\\\/en\\\/#website\"},\"datePublished\":\"2017-03-30T09:22:15+00:00\",\"breadcrumb\":{\"@id\":\"https:\\\/\\\/www.escura.com\\\/en\\\/terms-of-use\\\/#breadcrumb\"},\"inLanguage\":\"en-US\",\"potentialAction\":[{\"@type\":\"ReadAction\",\"target\":[\"https:\\\/\\\/www.escura.com\\\/en\\\/terms-of-use\\\/\"]}]},{\"@type\":\"BreadcrumbList\",\"@id\":\"https:\\\/\\\/www.escura.com\\\/en\\\/terms-of-use\\\/#breadcrumb\",\"itemListElement\":[{\"@type\":\"ListItem\",\"position\":1,\"name\":\"Portada\",\"item\":\"https:\\\/\\\/www.escura.com\\\/en\\\/\"},{\"@type\":\"ListItem\",\"position\":2,\"name\":\"Terms of use\"}]},{\"@type\":\"WebSite\",\"@id\":\"https:\\\/\\\/www.escura.com\\\/en\\\/#website\",\"url\":\"https:\\\/\\\/www.escura.com\\\/en\\\/\",\"name\":\"Escura | Abogados y Economistas\",\"description\":\"Escura es uno de los despachos de abogados de mayor prestigio en Barcelona, Madrid y Tarragona\",\"publisher\":{\"@id\":\"https:\\\/\\\/www.escura.com\\\/en\\\/#organization\"},\"potentialAction\":[{\"@type\":\"SearchAction\",\"target\":{\"@type\":\"EntryPoint\",\"urlTemplate\":\"https:\\\/\\\/www.escura.com\\\/en\\\/?s={search_term_string}\"},\"query-input\":{\"@type\":\"PropertyValueSpecification\",\"valueRequired\":true,\"valueName\":\"search_term_string\"}}],\"inLanguage\":\"en-US\"},{\"@type\":\"Organization\",\"@id\":\"https:\\\/\\\/www.escura.com\\\/en\\\/#organization\",\"name\":\"Escura. Abogados y economistas\",\"url\":\"https:\\\/\\\/www.escura.com\\\/en\\\/\",\"logo\":{\"@type\":\"ImageObject\",\"inLanguage\":\"en-US\",\"@id\":\"https:\\\/\\\/www.escura.com\\\/en\\\/#\\\/schema\\\/logo\\\/image\\\/\",\"url\":\"\",\"contentUrl\":\"\",\"caption\":\"Escura. Abogados y economistas\"},\"image\":{\"@id\":\"https:\\\/\\\/www.escura.com\\\/en\\\/#\\\/schema\\\/logo\\\/image\\\/\"},\"sameAs\":[\"https:\\\/\\\/www.facebook.com\\\/escura.abogados\",\"https:\\\/\\\/x.com\\\/escura_abogados\",\"https:\\\/\\\/www.instagram.com\\\/escura_abogados\\\/\",\"https:\\\/\\\/www.linkedin.com\\\/company\\\/bufete-escura\",\"https:\\\/\\\/www.youtube.com\\\/user\\\/BufeteEscura\\\/videos\"]}]}<\/script>\n<!-- \/ Yoast SEO Premium plugin. -->","yoast_head_json":{"title":"Terms of use - Escura | Abogados y Economistas","robots":{"index":"index","follow":"follow","max-snippet":"max-snippet:-1","max-image-preview":"max-image-preview:large","max-video-preview":"max-video-preview:-1"},"canonical":"https:\/\/www.escura.com\/en\/terms-of-use\/","og_locale":"en_US","og_type":"article","og_title":"Terms of use","og_url":"https:\/\/www.escura.com\/en\/terms-of-use\/","og_site_name":"Escura | Abogados y Economistas","article_publisher":"https:\/\/www.facebook.com\/escura.abogados","twitter_card":"summary_large_image","twitter_site":"@escura_abogados","twitter_misc":{"Est. reading time":"10 minutes"},"schema":{"@context":"https:\/\/schema.org","@graph":[{"@type":"WebPage","@id":"https:\/\/www.escura.com\/en\/terms-of-use\/","url":"https:\/\/www.escura.com\/en\/terms-of-use\/","name":"Terms of use - Escura | Abogados y Economistas","isPartOf":{"@id":"https:\/\/www.escura.com\/en\/#website"},"datePublished":"2017-03-30T09:22:15+00:00","breadcrumb":{"@id":"https:\/\/www.escura.com\/en\/terms-of-use\/#breadcrumb"},"inLanguage":"en-US","potentialAction":[{"@type":"ReadAction","target":["https:\/\/www.escura.com\/en\/terms-of-use\/"]}]},{"@type":"BreadcrumbList","@id":"https:\/\/www.escura.com\/en\/terms-of-use\/#breadcrumb","itemListElement":[{"@type":"ListItem","position":1,"name":"Portada","item":"https:\/\/www.escura.com\/en\/"},{"@type":"ListItem","position":2,"name":"Terms of use"}]},{"@type":"WebSite","@id":"https:\/\/www.escura.com\/en\/#website","url":"https:\/\/www.escura.com\/en\/","name":"Escura | Abogados y Economistas","description":"Escura es uno de los despachos de abogados de mayor prestigio en Barcelona, Madrid y Tarragona","publisher":{"@id":"https:\/\/www.escura.com\/en\/#organization"},"potentialAction":[{"@type":"SearchAction","target":{"@type":"EntryPoint","urlTemplate":"https:\/\/www.escura.com\/en\/?s={search_term_string}"},"query-input":{"@type":"PropertyValueSpecification","valueRequired":true,"valueName":"search_term_string"}}],"inLanguage":"en-US"},{"@type":"Organization","@id":"https:\/\/www.escura.com\/en\/#organization","name":"Escura. Abogados y economistas","url":"https:\/\/www.escura.com\/en\/","logo":{"@type":"ImageObject","inLanguage":"en-US","@id":"https:\/\/www.escura.com\/en\/#\/schema\/logo\/image\/","url":"","contentUrl":"","caption":"Escura. Abogados y economistas"},"image":{"@id":"https:\/\/www.escura.com\/en\/#\/schema\/logo\/image\/"},"sameAs":["https:\/\/www.facebook.com\/escura.abogados","https:\/\/x.com\/escura_abogados","https:\/\/www.instagram.com\/escura_abogados\/","https:\/\/www.linkedin.com\/company\/bufete-escura","https:\/\/www.youtube.com\/user\/BufeteEscura\/videos"]}]}},"_links":{"self":[{"href":"https:\/\/www.escura.com\/en\/wp-json\/wp\/v2\/pages\/8848","targetHints":{"allow":["GET"]}}],"collection":[{"href":"https:\/\/www.escura.com\/en\/wp-json\/wp\/v2\/pages"}],"about":[{"href":"https:\/\/www.escura.com\/en\/wp-json\/wp\/v2\/types\/page"}],"author":[{"embeddable":true,"href":"https:\/\/www.escura.com\/en\/wp-json\/wp\/v2\/users\/2"}],"replies":[{"embeddable":true,"href":"https:\/\/www.escura.com\/en\/wp-json\/wp\/v2\/comments?post=8848"}],"version-history":[{"count":1,"href":"https:\/\/www.escura.com\/en\/wp-json\/wp\/v2\/pages\/8848\/revisions"}],"predecessor-version":[{"id":8852,"href":"https:\/\/www.escura.com\/en\/wp-json\/wp\/v2\/pages\/8848\/revisions\/8852"}],"wp:attachment":[{"href":"https:\/\/www.escura.com\/en\/wp-json\/wp\/v2\/media?parent=8848"}],"curies":[{"name":"wp","href":"https:\/\/api.w.org\/{rel}","templated":true}]}}