{"id":8796,"date":"2017-03-30T09:09:13","date_gmt":"2017-03-30T09:09:13","guid":{"rendered":"https:\/\/www.escura.com\/?page_id=8796\/"},"modified":"2020-03-26T16:00:56","modified_gmt":"2020-03-26T15:00:56","slug":"about-the-firm","status":"publish","type":"page","link":"https:\/\/www.escura.com\/en\/about-the-firm\/","title":{"rendered":"About the firm"},"content":{"rendered":"<div class=\"fusion-fullwidth fullwidth-box fusion-builder-row-1 nonhundred-percent-fullwidth non-hundred-percent-height-scrolling fusion-equal-height-columns\" style=\"--awb-border-radius-top-left:0px;--awb-border-radius-top-right:0px;--awb-border-radius-bottom-right:0px;--awb-border-radius-bottom-left:0px;--awb-background-color:rgba(255,255,255,0);--awb-flex-wrap:wrap;\" ><div class=\"fusion-builder-row fusion-row\"><div class=\"fusion-layout-column fusion_builder_column fusion-builder-column-0 fusion_builder_column_2_3 2_3 fusion-two-third fusion-column-first\" style=\"--awb-padding-top:30px;--awb-padding-right:30px;--awb-padding-bottom:30px;--awb-padding-left:30px;--awb-bg-color:#ffffff;--awb-bg-color-hover:#ffffff;--awb-bg-size:cover;width:66.666666666667%;width:calc(66.666666666667% - ( ( 1% ) * 0.66666666666667 ) );margin-right: 1%;\"><div class=\"fusion-column-wrapper fusion-flex-column-wrapper-legacy\"><div class=\"fusion-text fusion-text-1\"><div class=\"contenedor-columna\">\n<h2 class=\"h1-resena\">Bufete Escura, prestige and presence since 1905<\/h2>\n<\/div>\n<\/div><div class=\"fusion-sep-clear\"><\/div><div class=\"fusion-separator fusion-full-width-sep\" style=\"margin-left: auto;margin-right: auto;margin-top:0px;margin-bottom:30px;width:100%;\"><div class=\"fusion-separator-border sep-single sep-solid\" style=\"--awb-height:20px;--awb-amount:20px;border-color:#e0dede;border-top-width:1px;\"><\/div><\/div><div class=\"fusion-sep-clear\"><\/div><div class=\"fusion-text fusion-text-2\"><p><strong>Bufete Escura<\/strong> is one of the most well known and respected Law firms in Barcelona. A client centered service, coupled with high quality ethical standards form the basis of our mission. Our longstanding service ethic has resulted in us becoming the reference Law firm for a wide range of business associations who trust our firm as the Law firm they recommend to their associates.<\/p>\n<p><strong>Bufete Escura<\/strong> delivers legal services to a great number of global companies, who trust in us to supervise and advise their subsidiaries due to our specialist knowledge of the regulatory and business framework both in Catalonia and throughout Spain.<\/p>\n<p>We must emphasize our special relationship with Italian companies based or willing to be based in the Barcelona area, given that we have several collaboration agreements signed with different Italian Chambers of Commerce.<\/p>\n<p><strong>MAIN AREAS OF PRACTICE<\/strong><\/p>\n<p><strong>Corporate &amp; Commercial Law:<\/strong><\/p>\n<p>The Commercial Law Practice advises on restructuring corporate groups, joint ventures and mergers, acquisition of companies, businesses and assets, business reorganisations and all areas of corporate law.<\/p>\n<p><strong>Employment:<\/strong><\/p>\n<p>The firm advises local and international companies on all aspects of employment and social security law. The firm\u2019s advice includes employment strategies and planning, workforce restructuring, dismissals and redundancies, drafting and terminating employment contracts, labour inspection and litigations, due diligences, employment implications of corporate transactions, collective bargaining agreements, discrimination, social securities and pensions.<\/p>\n<p><strong>Tax:<\/strong><\/p>\n<p>The firm\u2019s tax lawyers provide advice and assistance to enable companies to mitigate tax risk, improve businesses, and optimize resources.<\/p>\n<p>The Tax Department works with other practice areas of the firm to ensure the firm\u2019s clients receive a global advice on the planning and executing of their business activities.<\/p>\n<p>The firm assists companies in relation to the tax implications of their day to day businesses, tax compliance, national and international tax planning, transfer pricing, tax audits, tax litigation, due diligences, negotiation with the tax authorities in relation to tax inspections and collections and indirect taxes.<\/p>\n<p><strong>Dispute Resolution (Litigation &amp; Arbitration)<\/strong><strong>:<\/strong><\/p>\n<p>Bufete Escura has a solid Litigation Practice covering civil and commercial proceedings, local and international arbitration, administrative and constitutional law, contentious-administrative proceedings, tax and criminal law.<\/p>\n<p><strong>New Technologies &amp; Data Protection:<\/strong><\/p>\n<p>The firm offers advice on e-commerce, intellectual property, data protection, Spanish and EU telecom law and advertisements.<\/p>\n<p><strong>INTERNATIONAL WORK: <\/strong><\/p>\n<p><strong>Bufete Escura<\/strong> has established collaboration agreements with the most reputable firms in every jurisdiction. It is member of TAGLaw and Interlegal, the most prestigious global networks of independent law firms.<\/p>\n<p>Through these partnerships, we considerably increases our international networks and it represents a benefit for our clients and professionals.<\/p>\n<p>In Spain we are members of Hispajuris with offices in: Algeciras, Almer\u00eda, Aranda del Duero, Bilbao, Burgos, C\u00e1ceres, C\u00e1diz, Ciudad Real, Cordoba, Elche, Gij\u00f3n, Girona, L Coru\u00f1a, LLeida, Le\u00f3n, Logro\u00f1o, Madrid, Marbella, Murcia, Palma de Mallorca, Pamplona, Salamanca, San Sebasti\u00e1n, Santa Cruz de Tenerife, Sevilla, Tarragona, Toledo, Valencia, Valladolid, Zaragoza.<\/p>\n<p><strong>CLIENTS<\/strong><\/p>\n<p>The firm\u2019s client portfolio comprises of large and medium-sized Spanish and international companies, which operate in the widest range of business sectors.<\/p>\n<\/div><div class=\"fusion-image-element in-legacy-container\" style=\"--awb-caption-title-font-family:var(--h2_typography-font-family);--awb-caption-title-font-weight:var(--h2_typography-font-weight);--awb-caption-title-font-style:var(--h2_typography-font-style);--awb-caption-title-size:var(--h2_typography-font-size);--awb-caption-title-transform:var(--h2_typography-text-transform);--awb-caption-title-line-height:var(--h2_typography-line-height);--awb-caption-title-letter-spacing:var(--h2_typography-letter-spacing);\"><span class=\" fusion-imageframe imageframe-none imageframe-1 hover-type-none\"><img decoding=\"async\" src=\"http:\/\/www.escura.com\/wp-content\/uploads\/2017\/02\/camara-comercio-escura.jpeg\" alt class=\"img-responsive\"\/><\/span><\/div><div class=\"fusion-builder-row fusion-builder-row-inner fusion-row\"><div class=\"fusion-layout-column fusion_builder_column_inner fusion-builder-nested-column-0 fusion_builder_column_inner_2_3 2_3 fusion-two-third fusion-column-first\" style=\"--awb-bg-size:cover;width:66.666666666667%;width:calc(66.666666666667% - ( ( 4% ) * 0.66666666666667 ) );margin-right: 4%;\"><div class=\"fusion-column-wrapper fusion-flex-column-wrapper-legacy\"><div class=\"fusion-clearfix\"><\/div><\/div><\/div><div class=\"fusion-layout-column fusion_builder_column_inner fusion-builder-nested-column-1 fusion_builder_column_inner_1_3 1_3 fusion-one-third fusion-column-last\" style=\"--awb-bg-size:cover;width:33.333333333333%;width:calc(33.333333333333% - ( ( 4% ) * 0.33333333333333 ) );\"><div class=\"fusion-column-wrapper fusion-flex-column-wrapper-legacy\"><div class=\"fusion-clearfix\"><\/div><\/div><\/div><\/div><div class=\"fusion-clearfix\"><\/div><\/div><\/div><div class=\"fusion-layout-column fusion_builder_column fusion-builder-column-1 fusion_builder_column_1_3 1_3 fusion-one-third fusion-column-last\" style=\"--awb-padding-top:10px;--awb-padding-right:30px;--awb-padding-bottom:30px;--awb-padding-left:30px;--awb-bg-color:#ffffff;--awb-bg-color-hover:#ffffff;--awb-bg-size:cover;width:33.333333333333%;width:calc(33.333333333333% - ( ( 1% ) * 0.33333333333333 ) );\"><div class=\"fusion-column-wrapper fusion-flex-column-wrapper-legacy\"><div class=\"fusion-widget-area awb-widget-area-element fusion-widget-area-1 fusion-content-widget-area\" style=\"--awb-title-size:14px;--awb-title-color:#3b4251;--awb-padding:0px 0px 0px 0px;\"><div id=\"text-7\" class=\"widget widget_text\" style=\"border-style: solid;border-color:transparent;border-width:0px;\">\t\t\t<div class=\"textwidget\"><p><img decoding=\"async\" title=\"Bufete Escura Abogados y Economistas Barcelona\" src=\"http:\/\/www.escura.com\/wp-content\/uploads\/2017\/02\/logo_be_azul.png\" alt=\"Bufete Escura Abogados y Economistas Barcelona\" width=\"200\" \/><\/p>\n<div style=\"display: inline-table; width: 40%;\">\n<p> <a href=\"https:\/\/www.bestlawyers.com\/Search?query=bufete%20escura\" target=\"_blank\" rel=\"noopener\"><img decoding=\"async\" title=\"Bufete Escura Best Lawyers\" src=\"http:\/\/www.escura.com\/wp-content\/uploads\/2017\/02\/best-lawyers.jpg\" alt=\"Bufete Escura Best Lawyers\" \/><\/a><\/p>\n<p> <a href=\"https:\/\/www.iflr1000.com\/Firm\/Bufete-Escura-Spain\/Profile\/13058#profile\" target=\"_blank\" rel=\"noopener\"><img decoding=\"async\" title=\"Bufete Escura. Abogados y Economistas Barcelona. Ranked IFLR1000\" src=\"http:\/\/www.escura.com\/wp-content\/uploads\/2017\/02\/iflr1000-logo.jpg\" alt=\"Bufete Escura. Abogados y Economistas Barcelona. Ranked IFLR1000\" \/><\/a><\/p>\n<p> <a href=\"https:\/\/www.chambers.com\/profile\/organisation\/192216?publicationTypeId=7\" target=\"_blank\" rel=\"noopener\"><img decoding=\"async\" title=\"Bufete Escura Chambers and Partners\" src=\"http:\/\/www.escura.com\/wp-content\/uploads\/2017\/02\/Chambers.jpg\" alt=\"Bufete Escura Chambers and Partners\" \/><\/a><\/p><\/div>\n<div style=\"display: inline-table; width: 40%;\"><a href=\"https:\/\/www.youtube.com\/watch?v=u670ha_22VE\" target=\"_blank\" rel=\"noopener\"><img decoding=\"async\" title=\"Bufete Escura Aenor\" src=\"http:\/\/www.escura.com\/wp-content\/uploads\/2017\/02\/aenor.jpg\" alt=\"Bufete Escura Aenor\" \/><\/a><\/p>\n<p> <a href=\"https:\/\/www.youtube.com\/watch?v=u670ha_22VE\" target=\"_blank\" rel=\"noopener\"><img decoding=\"async\" title=\"Bufete Escura Iqnet Certified\" src=\"http:\/\/www.escura.com\/wp-content\/uploads\/2017\/02\/iqnet.jpg\" alt=\"Bufete Escura Iqnet Certified\" \/><\/a><\/div>\n<div style=\"display: block; margin-top: 10px;\"><img decoding=\"async\" title=\"Bufete Escura miembro de Hispajuris\" src=\"http:\/\/www.escura.com\/wp-content\/uploads\/2016\/12\/hispajuris-logo.jpg\" alt=\"Bufete Escura miembro de Hispajuris\" \/><\/div>\n<div style=\"display: inline-table; margin-top: 10px;\">\n<p style=\"font-size: 14px; color: #666;\">Bufete Escura SLP. Abogados y Economistas<\/p>\n<p> &nbsp;<\/p><\/div>\n<\/div>\n\t\t<\/div><div class=\"fusion-additional-widget-content\"><\/div><\/div><div class=\"fusion-clearfix\"><\/div><\/div><\/div><\/div><\/div>\n","protected":false},"excerpt":{"rendered":"","protected":false},"author":2,"featured_media":0,"parent":0,"menu_order":0,"comment_status":"closed","ping_status":"closed","template":"","meta":{"footnotes":""},"class_list":["post-8796","page","type-page","status-publish","hentry"],"yoast_head":"<!-- This site is optimized with the Yoast SEO Premium plugin v26.6 (Yoast SEO v27.3) - https:\/\/yoast.com\/product\/yoast-seo-premium-wordpress\/ -->\n<title>About the firm - Escura | Abogados y Economistas<\/title>\n<meta name=\"robots\" content=\"index, follow, max-snippet:-1, max-image-preview:large, max-video-preview:-1\" \/>\n<link rel=\"canonical\" href=\"https:\/\/35.181.91.225\/en\/about-the-firm\/\" \/>\n<meta property=\"og:locale\" content=\"en_US\" \/>\n<meta property=\"og:type\" content=\"article\" \/>\n<meta property=\"og:title\" content=\"About the firm\" \/>\n<meta property=\"og:url\" content=\"https:\/\/35.181.91.225\/en\/about-the-firm\/\" \/>\n<meta property=\"og:site_name\" content=\"Escura | Abogados y Economistas\" \/>\n<meta property=\"article:publisher\" content=\"https:\/\/www.facebook.com\/escura.abogados\" \/>\n<meta property=\"article:modified_time\" content=\"2020-03-26T15:00:56+00:00\" \/>\n<meta name=\"twitter:card\" content=\"summary_large_image\" \/>\n<meta name=\"twitter:site\" content=\"@escura_abogados\" \/>\n<meta name=\"twitter:label1\" content=\"Est. reading time\" \/>\n\t<meta name=\"twitter:data1\" content=\"4 minutes\" \/>\n<script type=\"application\/ld+json\" class=\"yoast-schema-graph\">{\"@context\":\"https:\\\/\\\/schema.org\",\"@graph\":[{\"@type\":\"WebPage\",\"@id\":\"https:\\\/\\\/35.181.91.225\\\/en\\\/about-the-firm\\\/\",\"url\":\"https:\\\/\\\/35.181.91.225\\\/en\\\/about-the-firm\\\/\",\"name\":\"About the firm - Escura | Abogados y Economistas\",\"isPartOf\":{\"@id\":\"https:\\\/\\\/www.escura.com\\\/es\\\/#website\"},\"datePublished\":\"2017-03-30T09:09:13+00:00\",\"dateModified\":\"2020-03-26T15:00:56+00:00\",\"breadcrumb\":{\"@id\":\"https:\\\/\\\/35.181.91.225\\\/en\\\/about-the-firm\\\/#breadcrumb\"},\"inLanguage\":\"en-US\",\"potentialAction\":[{\"@type\":\"ReadAction\",\"target\":[\"https:\\\/\\\/35.181.91.225\\\/en\\\/about-the-firm\\\/\"]}]},{\"@type\":\"BreadcrumbList\",\"@id\":\"https:\\\/\\\/35.181.91.225\\\/en\\\/about-the-firm\\\/#breadcrumb\",\"itemListElement\":[{\"@type\":\"ListItem\",\"position\":1,\"name\":\"Portada\",\"item\":\"https:\\\/\\\/www.escura.com\\\/en\\\/\"},{\"@type\":\"ListItem\",\"position\":2,\"name\":\"About the firm\"}]},{\"@type\":\"WebSite\",\"@id\":\"https:\\\/\\\/www.escura.com\\\/es\\\/#website\",\"url\":\"https:\\\/\\\/www.escura.com\\\/es\\\/\",\"name\":\"Escura | Abogados y Economistas\",\"description\":\"Escura es uno de los despachos de abogados de mayor prestigio en Barcelona, Madrid y Tarragona\",\"publisher\":{\"@id\":\"https:\\\/\\\/www.escura.com\\\/es\\\/#organization\"},\"potentialAction\":[{\"@type\":\"SearchAction\",\"target\":{\"@type\":\"EntryPoint\",\"urlTemplate\":\"https:\\\/\\\/www.escura.com\\\/es\\\/?s={search_term_string}\"},\"query-input\":{\"@type\":\"PropertyValueSpecification\",\"valueRequired\":true,\"valueName\":\"search_term_string\"}}],\"inLanguage\":\"en-US\"},{\"@type\":\"Organization\",\"@id\":\"https:\\\/\\\/www.escura.com\\\/es\\\/#organization\",\"name\":\"Escura. Abogados y economistas\",\"url\":\"https:\\\/\\\/www.escura.com\\\/es\\\/\",\"logo\":{\"@type\":\"ImageObject\",\"inLanguage\":\"en-US\",\"@id\":\"https:\\\/\\\/www.escura.com\\\/es\\\/#\\\/schema\\\/logo\\\/image\\\/\",\"url\":\"\",\"contentUrl\":\"\",\"caption\":\"Escura. Abogados y economistas\"},\"image\":{\"@id\":\"https:\\\/\\\/www.escura.com\\\/es\\\/#\\\/schema\\\/logo\\\/image\\\/\"},\"sameAs\":[\"https:\\\/\\\/www.facebook.com\\\/escura.abogados\",\"https:\\\/\\\/x.com\\\/escura_abogados\",\"https:\\\/\\\/www.instagram.com\\\/escura_abogados\\\/\",\"https:\\\/\\\/www.linkedin.com\\\/company\\\/bufete-escura\",\"https:\\\/\\\/www.youtube.com\\\/user\\\/BufeteEscura\\\/videos\"]}]}<\/script>\n<!-- \/ Yoast SEO Premium plugin. -->","yoast_head_json":{"title":"About the firm - Escura | Abogados y Economistas","robots":{"index":"index","follow":"follow","max-snippet":"max-snippet:-1","max-image-preview":"max-image-preview:large","max-video-preview":"max-video-preview:-1"},"canonical":"https:\/\/35.181.91.225\/en\/about-the-firm\/","og_locale":"en_US","og_type":"article","og_title":"About the firm","og_url":"https:\/\/35.181.91.225\/en\/about-the-firm\/","og_site_name":"Escura | Abogados y Economistas","article_publisher":"https:\/\/www.facebook.com\/escura.abogados","article_modified_time":"2020-03-26T15:00:56+00:00","twitter_card":"summary_large_image","twitter_site":"@escura_abogados","twitter_misc":{"Est. reading time":"4 minutes"},"schema":{"@context":"https:\/\/schema.org","@graph":[{"@type":"WebPage","@id":"https:\/\/35.181.91.225\/en\/about-the-firm\/","url":"https:\/\/35.181.91.225\/en\/about-the-firm\/","name":"About the firm - Escura | Abogados y Economistas","isPartOf":{"@id":"https:\/\/www.escura.com\/es\/#website"},"datePublished":"2017-03-30T09:09:13+00:00","dateModified":"2020-03-26T15:00:56+00:00","breadcrumb":{"@id":"https:\/\/35.181.91.225\/en\/about-the-firm\/#breadcrumb"},"inLanguage":"en-US","potentialAction":[{"@type":"ReadAction","target":["https:\/\/35.181.91.225\/en\/about-the-firm\/"]}]},{"@type":"BreadcrumbList","@id":"https:\/\/35.181.91.225\/en\/about-the-firm\/#breadcrumb","itemListElement":[{"@type":"ListItem","position":1,"name":"Portada","item":"https:\/\/www.escura.com\/en\/"},{"@type":"ListItem","position":2,"name":"About the firm"}]},{"@type":"WebSite","@id":"https:\/\/www.escura.com\/es\/#website","url":"https:\/\/www.escura.com\/es\/","name":"Escura | Abogados y Economistas","description":"Escura es uno de los despachos de abogados de mayor prestigio en Barcelona, Madrid y Tarragona","publisher":{"@id":"https:\/\/www.escura.com\/es\/#organization"},"potentialAction":[{"@type":"SearchAction","target":{"@type":"EntryPoint","urlTemplate":"https:\/\/www.escura.com\/es\/?s={search_term_string}"},"query-input":{"@type":"PropertyValueSpecification","valueRequired":true,"valueName":"search_term_string"}}],"inLanguage":"en-US"},{"@type":"Organization","@id":"https:\/\/www.escura.com\/es\/#organization","name":"Escura. Abogados y economistas","url":"https:\/\/www.escura.com\/es\/","logo":{"@type":"ImageObject","inLanguage":"en-US","@id":"https:\/\/www.escura.com\/es\/#\/schema\/logo\/image\/","url":"","contentUrl":"","caption":"Escura. Abogados y economistas"},"image":{"@id":"https:\/\/www.escura.com\/es\/#\/schema\/logo\/image\/"},"sameAs":["https:\/\/www.facebook.com\/escura.abogados","https:\/\/x.com\/escura_abogados","https:\/\/www.instagram.com\/escura_abogados\/","https:\/\/www.linkedin.com\/company\/bufete-escura","https:\/\/www.youtube.com\/user\/BufeteEscura\/videos"]}]}},"_links":{"self":[{"href":"https:\/\/www.escura.com\/en\/wp-json\/wp\/v2\/pages\/8796","targetHints":{"allow":["GET"]}}],"collection":[{"href":"https:\/\/www.escura.com\/en\/wp-json\/wp\/v2\/pages"}],"about":[{"href":"https:\/\/www.escura.com\/en\/wp-json\/wp\/v2\/types\/page"}],"author":[{"embeddable":true,"href":"https:\/\/www.escura.com\/en\/wp-json\/wp\/v2\/users\/2"}],"replies":[{"embeddable":true,"href":"https:\/\/www.escura.com\/en\/wp-json\/wp\/v2\/comments?post=8796"}],"version-history":[{"count":3,"href":"https:\/\/www.escura.com\/en\/wp-json\/wp\/v2\/pages\/8796\/revisions"}],"predecessor-version":[{"id":24919,"href":"https:\/\/www.escura.com\/en\/wp-json\/wp\/v2\/pages\/8796\/revisions\/24919"}],"wp:attachment":[{"href":"https:\/\/www.escura.com\/en\/wp-json\/wp\/v2\/media?parent=8796"}],"curies":[{"name":"wp","href":"https:\/\/api.w.org\/{rel}","templated":true}]}}